{"id":8022,"date":"2024-03-20T15:05:47","date_gmt":"2024-03-20T14:05:47","guid":{"rendered":"https:\/\/www.gemeinde-stapel.de\/stapel\/?page_id=8022"},"modified":"2026-04-30T14:45:13","modified_gmt":"2026-04-30T12:45:13","slug":"seniorenbeirat-in-stapel","status":"publish","type":"page","link":"https:\/\/www.gemeinde-stapel.de\/stapel\/seniorenbeirat-in-stapel\/","title":{"rendered":"Seniorenbeirat in Stapel"},"content":{"rendered":"<hr \/>\n<p>Der Seniorenbeirat vertritt nicht nur die Interessen und Belange \u00e4lterer B\u00fcrgerinnen und B\u00fcrger, sie setzten sich auch f\u00fcr eine Lebensqualit\u00e4t \u00e4lterer Menschen ein, die letztlich allen zugutekommt. Die Teilhabe \u00e4lterer Menschen kommt dem Einzelnen, aber auch der gesamten Gesellschaft zugute. Damit leisten Seniorenbeir\u00e4te einen wichtigen Beitrag zu einer inklusiven Gesellschaft.<\/p>\n<p>In der Gemeindevertreter-Sitzung vom 7.10.2024 wurde die Wahl des Seniorenbeirates in unserer Gemeinde best\u00e4tigt. Die konstituierende Sitzung hat am 14.11.2024 stattgefunden.<\/p>\n<p>Der Seniorenbeirat besteht aus 5 gew\u00e4hlten Mitgliedern:<br \/>\nZum 1. Vorsitzenden wurde Udo Iwers gew\u00e4hlt, Stellvertreter (2. Vorsitzender) Ingo Endler, Schriftf\u00fchrerin Maren Dierks, zum Seniorenbeirat geh\u00f6ren ebenfalls Regina Pauls und Bernd Wiese.<\/p>\n<p><!-- \n\n<p><strong>N\u00e4chster Termin: \u00d6ffentliche Sitzung des Seniorenbeirats am Dienstag, 21. Oktober um 16 Uhr im Gemeinschaftsraum des B\u00fcrgerhauses.<\/p>\n\n --><\/p>\n<p><a href=\"https:\/\/www.gemeinde-stapel.de\/stapel\/protokolle\/#senioren\">Zu den Sitzungsprotokollen des Seniorenbeirats<\/a><\/p>\n<p><a href=\"https:\/\/www.gemeinde-stapel.de\/stapel\/wp-content\/uploads\/2024\/05\/Satzung-ueber-die-Bildung-eines-Seniorenbeirats-in-der-Gemeinde.pdf\" target=\"_blank\" rel=\"noopener noreferrer\">Satzung \u00fcber die Bildung eines Seniorenbeirats in der Gemeinde<\/a><\/p>\n","protected":false},"excerpt":{"rendered":"<p>Der Seniorenbeirat vertritt nicht nur die Interessen und Belange \u00e4lterer B\u00fcrgerinnen und B\u00fcrger, sie setzten sich auch f\u00fcr eine Lebensqualit\u00e4t \u00e4lterer Menschen ein, die letztlich allen zugutekommt. Die Teilhabe \u00e4lterer Menschen kommt dem Einzelnen, aber auch der gesamten Gesellschaft zugute. Damit leisten Seniorenbeir\u00e4te einen wichtigen Beitrag zu einer inklusiven Gesellschaft. In der Gemeindevertreter-Sitzung vom 7.10.2024 wurde die Wahl des Seniorenbeirates in unserer Gemeinde best\u00e4tigt. Die konstituierende Sitzung hat am 14.11.2024 stattgefunden. Der Seniorenbeirat besteht aus 5 gew\u00e4hlten Mitgliedern: Zum 1. Vorsitzenden wurde Udo Iwers gew\u00e4hlt, Stellvertreter (2. Vorsitzender) Ingo Endler, Schriftf\u00fchrerin Maren Dierks, zum Seniorenbeirat geh\u00f6ren ebenfalls Regina Pauls und Bernd Wiese. Zu den Sitzungsprotokollen des Seniorenbeirats Satzung \u00fcber die Bildung eines Seniorenbeirats in der Gemeinde<\/p>\n","protected":false},"author":1,"featured_media":8637,"parent":0,"menu_order":0,"comment_status":"closed","ping_status":"closed","template":"","meta":{"footnotes":""},"class_list":["post-8022","page","type-page","status-publish","has-post-thumbnail","hentry"],"_links":{"self":[{"href":"https:\/\/www.gemeinde-stapel.de\/stapel\/wp-json\/wp\/v2\/pages\/8022","targetHints":{"allow":["GET"]}}],"collection":[{"href":"https:\/\/www.gemeinde-stapel.de\/stapel\/wp-json\/wp\/v2\/pages"}],"about":[{"href":"https:\/\/www.gemeinde-stapel.de\/stapel\/wp-json\/wp\/v2\/types\/page"}],"author":[{"embeddable":true,"href":"https:\/\/www.gemeinde-stapel.de\/stapel\/wp-json\/wp\/v2\/users\/1"}],"replies":[{"embeddable":true,"href":"https:\/\/www.gemeinde-stapel.de\/stapel\/wp-json\/wp\/v2\/comments?post=8022"}],"version-history":[{"count":11,"href":"https:\/\/www.gemeinde-stapel.de\/stapel\/wp-json\/wp\/v2\/pages\/8022\/revisions"}],"predecessor-version":[{"id":10410,"href":"https:\/\/www.gemeinde-stapel.de\/stapel\/wp-json\/wp\/v2\/pages\/8022\/revisions\/10410"}],"wp:featuredmedia":[{"embeddable":true,"href":"https:\/\/www.gemeinde-stapel.de\/stapel\/wp-json\/wp\/v2\/media\/8637"}],"wp:attachment":[{"href":"https:\/\/www.gemeinde-stapel.de\/stapel\/wp-json\/wp\/v2\/media?parent=8022"}],"curies":[{"name":"wp","href":"https:\/\/api.w.org\/{rel}","templated":true}]}}