{"id":7853,"date":"2024-02-20T11:41:33","date_gmt":"2024-02-20T10:41:33","guid":{"rendered":"https:\/\/www.gemeinde-stapel.de\/stapel\/?page_id=7853"},"modified":"2024-02-20T11:54:53","modified_gmt":"2024-02-20T10:54:53","slug":"freie-liegeplaetze-am-kleinen-bootssteg","status":"publish","type":"page","link":"https:\/\/www.gemeinde-stapel.de\/stapel\/freie-liegeplaetze-am-kleinen-bootssteg\/","title":{"rendered":"Freie Liegepl\u00e4tze am kleinen Bootssteg"},"content":{"rendered":"<hr>\n<p>Im Sportboothafen der Gemeinde Stapel (Ortsteil S\u00fcderstapel) sind noch Bootsliegepl\u00e4tze ab 01.04.2024 am kleinen Steg (Angelsteg) frei.<\/p>\n<p>Angelboote bis 5 m L\u00e4nge \u2013 130,00 \u20ac \/ Saison<\/p>\n<p>Interessenten, die sich f\u00fcr einen Liegeplatz am Bootssteg interessieren, setzen sich bitte mit dem B\u00fcrgermeister, Herrn Lundelius, Tel.: 0160\/7116009, E-Mail: <a href=\"mailto:buergermeister@gemeinde-stapel.de\">buergermeister@gemeinde-stapel.de<\/a> oder dem Amt Kropp-Stapelholm, Frau Stache, Tel.: 04624\/7226, E-Mail: <a href=\"mailto:l.stache@amt-ks.de\">l.stache@amt-ks.de<\/a> in Verbindung.<\/p>\n<p>Gemeinde Stapel<br \/>\n&#8211; Der B\u00fcrgermeister &#8211;<\/p>\n","protected":false},"excerpt":{"rendered":"<p>Im Sportboothafen der Gemeinde Stapel (Ortsteil S\u00fcderstapel) sind noch Bootsliegepl\u00e4tze ab 01.04.2024 am kleinen Steg (Angelsteg) frei. Angelboote bis 5 m L\u00e4nge \u2013 130,00 \u20ac \/ Saison Interessenten, die sich f\u00fcr einen Liegeplatz am Bootssteg interessieren, setzen sich bitte mit dem B\u00fcrgermeister, Herrn Lundelius, Tel.: 0160\/7116009, E-Mail: buergermeister@gemeinde-stapel.de oder dem Amt Kropp-Stapelholm, Frau Stache, Tel.: 04624\/7226, E-Mail: l.stache@amt-ks.de in Verbindung. Gemeinde Stapel &#8211; Der B\u00fcrgermeister &#8211;<\/p>\n","protected":false},"author":1,"featured_media":0,"parent":0,"menu_order":0,"comment_status":"closed","ping_status":"closed","template":"","meta":{"footnotes":""},"class_list":["post-7853","page","type-page","status-publish","hentry"],"_links":{"self":[{"href":"https:\/\/www.gemeinde-stapel.de\/stapel\/wp-json\/wp\/v2\/pages\/7853","targetHints":{"allow":["GET"]}}],"collection":[{"href":"https:\/\/www.gemeinde-stapel.de\/stapel\/wp-json\/wp\/v2\/pages"}],"about":[{"href":"https:\/\/www.gemeinde-stapel.de\/stapel\/wp-json\/wp\/v2\/types\/page"}],"author":[{"embeddable":true,"href":"https:\/\/www.gemeinde-stapel.de\/stapel\/wp-json\/wp\/v2\/users\/1"}],"replies":[{"embeddable":true,"href":"https:\/\/www.gemeinde-stapel.de\/stapel\/wp-json\/wp\/v2\/comments?post=7853"}],"version-history":[{"count":2,"href":"https:\/\/www.gemeinde-stapel.de\/stapel\/wp-json\/wp\/v2\/pages\/7853\/revisions"}],"predecessor-version":[{"id":7870,"href":"https:\/\/www.gemeinde-stapel.de\/stapel\/wp-json\/wp\/v2\/pages\/7853\/revisions\/7870"}],"wp:attachment":[{"href":"https:\/\/www.gemeinde-stapel.de\/stapel\/wp-json\/wp\/v2\/media?parent=7853"}],"curies":[{"name":"wp","href":"https:\/\/api.w.org\/{rel}","templated":true}]}}