{"id":7697,"date":"2024-01-20T15:12:12","date_gmt":"2024-01-20T14:12:12","guid":{"rendered":"https:\/\/www.gemeinde-stapel.de\/stapel\/?page_id=7697"},"modified":"2024-10-19T13:21:12","modified_gmt":"2024-10-19T11:21:12","slug":"pv-freiflaechenanlagen-fuer-die-gemeinde-stapel","status":"publish","type":"page","link":"https:\/\/www.gemeinde-stapel.de\/stapel\/pv-freiflaechenanlagen-fuer-die-gemeinde-stapel\/","title":{"rendered":"PV-Freifl\u00e4chenanlagen f\u00fcr die Gemeinde Stapel"},"content":{"rendered":"<hr \/>\n<p><!--\n\n\n<p><a href=\"https:\/\/www.gemeinde-stapel.de\/stapel\/wp-content\/uploads\/2024\/07\/Protokoll-PV-Freiflaechenanlagen-2024-07-11.pdf\" target=\"_blank\" rel=\"noopener noreferrer\">Protokoll zum 1. Arbeitstreffen \/ PV Freifla\u0308chenanlagen am 11.7.2024<\/a><\/p>\n\n\n--><\/p>\n<p>Das Gesamtkonzept des Amtes Kropp-Stapelholm und die Detailkarten der Gemeinde Stapel k\u00f6nnen Sie bei Interesse und f\u00fcr die Abw\u00e4gung, ob ihre Fl\u00e4chen ggf. rot eingef\u00e4rbt und damit nicht zugelassen sind, auf den folgenden Karten einsehen. Alle gelb und gr\u00fcn eingef\u00e4rbten Bereiche unterliegen der Abw\u00e4gung durch die Gemeinde.<\/p>\n<p><strong><a href=\"https:\/\/www.gemeinde-stapel.de\/stapel\/wp-content\/uploads\/2024\/01\/PV-Konzept-Stapel-Ampelkarte.pdf\" target=\"_blank\" rel=\"noopener noreferrer\">PV Konzept &#8211; Ampelkarte<br \/>\n<img loading=\"lazy\" decoding=\"async\" src=\"https:\/\/www.gemeinde-stapel.de\/stapel\/wp-content\/uploads\/2024\/01\/PV-Konzept-Stapel-Ampelkarte-300x256.jpg\" alt=\"\" width=\"300\" height=\"256\" class=\"alignleft size-medium wp-image-7700\" srcset=\"https:\/\/www.gemeinde-stapel.de\/stapel\/wp-content\/uploads\/2024\/01\/PV-Konzept-Stapel-Ampelkarte-300x256.jpg 300w, https:\/\/www.gemeinde-stapel.de\/stapel\/wp-content\/uploads\/2024\/01\/PV-Konzept-Stapel-Ampelkarte.jpg 600w\" sizes=\"auto, (max-width: 300px) 100vw, 300px\" \/><\/a><\/strong><br \/>\n<br clear=\"left\"><br \/>\n<strong><a href=\"https:\/\/www.gemeinde-stapel.de\/stapel\/wp-content\/uploads\/2024\/01\/PV-Konzept-Stapel-Abwaegung.pdf\" target=\"_blank\" rel=\"noopener noreferrer\">PV Konzept &#8211; Abwa\u0308gung<br \/>\n<img loading=\"lazy\" decoding=\"async\" src=\"https:\/\/www.gemeinde-stapel.de\/stapel\/wp-content\/uploads\/2024\/01\/PV-Konzept-Stapel-Abwaegung-300x256.jpg\" alt=\"\" width=\"300\" height=\"256\" class=\"alignleft size-medium wp-image-7698\" srcset=\"https:\/\/www.gemeinde-stapel.de\/stapel\/wp-content\/uploads\/2024\/01\/PV-Konzept-Stapel-Abwaegung-300x256.jpg 300w, https:\/\/www.gemeinde-stapel.de\/stapel\/wp-content\/uploads\/2024\/01\/PV-Konzept-Stapel-Abwaegung.jpg 600w\" sizes=\"auto, (max-width: 300px) 100vw, 300px\" \/><\/a><\/strong><br \/>\n<br clear=\"left\"><br \/>\n<strong><a href=\"https:\/\/www.gemeinde-stapel.de\/stapel\/wp-content\/uploads\/2024\/01\/PV-Konzept-Stapel-Vorrang.pdf\" target=\"_blank\" rel=\"noopener noreferrer\">PV Konzept &#8211; Vorrang<br \/>\n<img loading=\"lazy\" decoding=\"async\" src=\"https:\/\/www.gemeinde-stapel.de\/stapel\/wp-content\/uploads\/2024\/01\/PV-Konzept-Stapel-Vorrang-300x256.jpg\" alt=\"\" width=\"300\" height=\"256\" class=\"alignleft size-medium wp-image-7701\" srcset=\"https:\/\/www.gemeinde-stapel.de\/stapel\/wp-content\/uploads\/2024\/01\/PV-Konzept-Stapel-Vorrang-300x256.jpg 300w, https:\/\/www.gemeinde-stapel.de\/stapel\/wp-content\/uploads\/2024\/01\/PV-Konzept-Stapel-Vorrang.jpg 600w\" sizes=\"auto, (max-width: 300px) 100vw, 300px\" \/><\/a><\/strong><br \/>\n<br clear=\"left\"><br \/>\n<strong><a href=\"https:\/\/www.gemeinde-stapel.de\/stapel\/wp-content\/uploads\/2024\/01\/PV-Konzept-Stapel-Ausschluss.pdf\" target=\"_blank\" rel=\"noopener noreferrer\">PV Konzept &#8211; Ausschluss<br \/>\n<img loading=\"lazy\" decoding=\"async\" src=\"https:\/\/www.gemeinde-stapel.de\/stapel\/wp-content\/uploads\/2024\/01\/PV-Konzept-Stapel-Ausschluss-300x256.jpg\" alt=\"\" width=\"300\" height=\"256\" class=\"alignleft size-medium wp-image-7699\" srcset=\"https:\/\/www.gemeinde-stapel.de\/stapel\/wp-content\/uploads\/2024\/01\/PV-Konzept-Stapel-Ausschluss-300x256.jpg 300w, https:\/\/www.gemeinde-stapel.de\/stapel\/wp-content\/uploads\/2024\/01\/PV-Konzept-Stapel-Ausschluss.jpg 600w\" sizes=\"auto, (max-width: 300px) 100vw, 300px\" \/><\/a><\/strong><\/p>\n","protected":false},"excerpt":{"rendered":"<p>Das Gesamtkonzept des Amtes Kropp-Stapelholm und die Detailkarten der Gemeinde Stapel k\u00f6nnen Sie bei Interesse und f\u00fcr die Abw\u00e4gung, ob ihre Fl\u00e4chen ggf. rot eingef\u00e4rbt und damit nicht zugelassen sind, auf den folgenden Karten einsehen. Alle gelb und gr\u00fcn eingef\u00e4rbten Bereiche unterliegen der Abw\u00e4gung durch die Gemeinde. PV Konzept &#8211; Ampelkarte PV Konzept &#8211; Abwa\u0308gung PV Konzept &#8211; Vorrang PV Konzept &#8211; Ausschluss<\/p>\n","protected":false},"author":1,"featured_media":0,"parent":0,"menu_order":0,"comment_status":"closed","ping_status":"closed","template":"","meta":{"footnotes":""},"class_list":["post-7697","page","type-page","status-publish","hentry"],"_links":{"self":[{"href":"https:\/\/www.gemeinde-stapel.de\/stapel\/wp-json\/wp\/v2\/pages\/7697","targetHints":{"allow":["GET"]}}],"collection":[{"href":"https:\/\/www.gemeinde-stapel.de\/stapel\/wp-json\/wp\/v2\/pages"}],"about":[{"href":"https:\/\/www.gemeinde-stapel.de\/stapel\/wp-json\/wp\/v2\/types\/page"}],"author":[{"embeddable":true,"href":"https:\/\/www.gemeinde-stapel.de\/stapel\/wp-json\/wp\/v2\/users\/1"}],"replies":[{"embeddable":true,"href":"https:\/\/www.gemeinde-stapel.de\/stapel\/wp-json\/wp\/v2\/comments?post=7697"}],"version-history":[{"count":10,"href":"https:\/\/www.gemeinde-stapel.de\/stapel\/wp-json\/wp\/v2\/pages\/7697\/revisions"}],"predecessor-version":[{"id":8424,"href":"https:\/\/www.gemeinde-stapel.de\/stapel\/wp-json\/wp\/v2\/pages\/7697\/revisions\/8424"}],"wp:attachment":[{"href":"https:\/\/www.gemeinde-stapel.de\/stapel\/wp-json\/wp\/v2\/media?parent=7697"}],"curies":[{"name":"wp","href":"https:\/\/api.w.org\/{rel}","templated":true}]}}