{"id":5953,"date":"2022-08-25T15:38:48","date_gmt":"2022-08-25T13:38:48","guid":{"rendered":"https:\/\/www.gemeinde-stapel.de\/stapel\/?page_id=5953"},"modified":"2022-09-02T13:09:59","modified_gmt":"2022-09-02T11:09:59","slug":"archiv-der-landschaft-stapelholm","status":"publish","type":"page","link":"https:\/\/www.gemeinde-stapel.de\/stapel\/archiv-der-landschaft-stapelholm\/","title":{"rendered":"Archiv der Landschaft Stapelholm"},"content":{"rendered":"<hr \/>\n<p><a href=\"https:\/\/www.gemeinde-stapel.de\/stapel\/wp-content\/uploads\/2022\/08\/Bild-8-Siegelabdruck.bmp\" data-rel=\"lightbox-image-0\" data-rl_title=\"\" data-rl_caption=\"\" title=\"\"><img loading=\"lazy\" decoding=\"async\" class=\"aligncenter wp-image-5964 size-medium\" src=\"https:\/\/www.gemeinde-stapel.de\/stapel\/wp-content\/uploads\/2022\/08\/Bild-8-Siegelabdruck-292x300.jpg\" alt=\"Siegelabdruck\" width=\"292\" height=\"300\" srcset=\"https:\/\/www.gemeinde-stapel.de\/stapel\/wp-content\/uploads\/2022\/08\/Bild-8-Siegelabdruck-292x300.jpg 292w, https:\/\/www.gemeinde-stapel.de\/stapel\/wp-content\/uploads\/2022\/08\/Bild-8-Siegelabdruck-996x1024.jpg 996w, https:\/\/www.gemeinde-stapel.de\/stapel\/wp-content\/uploads\/2022\/08\/Bild-8-Siegelabdruck-768x789.jpg 768w, https:\/\/www.gemeinde-stapel.de\/stapel\/wp-content\/uploads\/2022\/08\/Bild-8-Siegelabdruck-1494x1536.jpg 1494w, https:\/\/www.gemeinde-stapel.de\/stapel\/wp-content\/uploads\/2022\/08\/Bild-8-Siegelabdruck-1140x1172.jpg 1140w, https:\/\/www.gemeinde-stapel.de\/stapel\/wp-content\/uploads\/2022\/08\/Bild-8-Siegelabdruck.bmp 1792w\" sizes=\"auto, (max-width: 292px) 100vw, 292px\" \/><\/a><\/p>\n<p>Die Landschaft Stapelholm wurde 1260 erstmals urkundlich erw\u00e4hnt und kann auf eine lange, wechselvolle Geschichte zur\u00fcckblicken. Ein eigenes Landrecht, Besonderheiten in Verwaltung und andere Privilegien zeichneten die vergangenen Jahrhunderte dieser Region aus.<\/p>\n<p><a href=\"https:\/\/www.gemeinde-stapel.de\/stapel\/wp-content\/uploads\/2022\/08\/Bibliothek.jpeg\" data-rel=\"lightbox-image-1\" data-rl_title=\"\" data-rl_caption=\"\" title=\"\"><img loading=\"lazy\" decoding=\"async\" class=\"size-medium wp-image-5969 alignleft\" src=\"https:\/\/www.gemeinde-stapel.de\/stapel\/wp-content\/uploads\/2022\/08\/Bibliothek-300x249.jpeg\" alt=\"Bibliothek\" width=\"300\" height=\"249\" srcset=\"https:\/\/www.gemeinde-stapel.de\/stapel\/wp-content\/uploads\/2022\/08\/Bibliothek-300x249.jpeg 300w, https:\/\/www.gemeinde-stapel.de\/stapel\/wp-content\/uploads\/2022\/08\/Bibliothek-768x637.jpeg 768w, https:\/\/www.gemeinde-stapel.de\/stapel\/wp-content\/uploads\/2022\/08\/Bibliothek.jpeg 1000w\" sizes=\"auto, (max-width: 300px) 100vw, 300px\" \/><\/a><\/p>\n<p>Stapelholm geh\u00f6rte fr\u00fcher zum Amt Gottorf bzw. zum Amt H\u00fctten. Zeitweise war die Landschaft auch selbst\u00e4ndig. In preu\u00dfischer Zeit geh\u00f6rte Stapelholm zum Landkreis Schleswig. Nach der Kreisgebietsreform Anfang der 1970er Jahre wurde die Landschaft geteilt. Die D\u00f6rfer Seeth und Drage sowie die Stadt Friedrichstadt gingen an den Kreis Nordfriesland. Der Rest Stapelholms blieb im Kreis Schleswig-Flensburg und bildete dort das Amt Stapelholm. Mit der \u00c4mterzusammenlegung zum Jahreswechsel 2007 \/ 2008 verschmolz das alte Amt Stapelholm mit dem Amt Kropp. Seeth und Drage kamen zum Amt Nordsee-Treene.<\/p>\n<p>Die \u00e4lteren Unterlagen der Landschaft Stapelholm werden im Schleswig-Holsteinischen Landesarchiv in Schleswig verwahrt und bilden dort die Abteilung 170. Aufgrund des Landesarchivgesetzes schlossen die Gemeinden des ehemaligen Amtes Stapelholm (Bergenhusen, Erfde, Meggerdorf, Norderstapel, S\u00fcderstapel, Tielen, Wohlde) eine Vereinbarung \u00fcber ein Gemeinschaftsarchiv um dort ihre Unterlagen aufzubewahren. Damit die Fachlichkeit des Archivs gew\u00e4hrleistet ist, wurde ein Beratungsvertrag mit dem Kreisarchiv Schleswig-Flensburg geschlossen.<\/p>\n<p><a href=\"https:\/\/www.gemeinde-stapel.de\/stapel\/wp-content\/uploads\/2022\/08\/Aktenmagazin.jpeg\" data-rel=\"lightbox-image-2\" data-rl_title=\"\" data-rl_caption=\"\" title=\"\"><img loading=\"lazy\" decoding=\"async\" class=\"size-medium wp-image-5967 alignright\" src=\"https:\/\/www.gemeinde-stapel.de\/stapel\/wp-content\/uploads\/2022\/08\/Aktenmagazin-300x225.jpeg\" alt=\"Aktenmagazin\" width=\"300\" height=\"225\" srcset=\"https:\/\/www.gemeinde-stapel.de\/stapel\/wp-content\/uploads\/2022\/08\/Aktenmagazin-300x225.jpeg 300w, https:\/\/www.gemeinde-stapel.de\/stapel\/wp-content\/uploads\/2022\/08\/Aktenmagazin-768x576.jpeg 768w, https:\/\/www.gemeinde-stapel.de\/stapel\/wp-content\/uploads\/2022\/08\/Aktenmagazin.jpeg 1000w\" sizes=\"auto, (max-width: 300px) 100vw, 300px\" \/><\/a><\/p>\n<p>Das \u201eArchiv der Landschaft Stapelholm\u201c wurde im Jahr 2003 in den R\u00e4umen des Stapelholm-Huus im Erfder Ortsteil Bargen eingerichtet. In den folgenden Monaten lieferten die Gemeinden ihre Unterlagen ein, die anschlie\u00dfend im Archiv gesichtet, geordnet und aufbereitet wurden. Hinzu kam Archivgut von Vereinen oder aus privater Hand. Die \u00e4ltesten Akten im Archiv stammen aus der Zeit um 1750. Genaue Informationen \u00fcber das vorhandene Archivgut erh\u00e4lt der Besucher im Findbuch, das hier herunter geladen werden kann. Eine kleine Pr\u00e4senzbibliothek mit landeskundlichen B\u00fcchern steht ebenfalls in den R\u00e4umen zur Verf\u00fcgung. Zahlreiche Fotos, darunter einige umfangreiche Nachl\u00e4sse, sind teilweise erschlossen. Auch dieser Bestand steht den Nutzern des Archivs offen. Im Fr\u00fchjahr 2022 zog das Archiv in das B\u00fcrgerhaus der Gemeinde Stapel.<\/p>\n<p><a href=\"https:\/\/www.gemeinde-stapel.de\/stapel\/wp-content\/uploads\/2022\/08\/Akte-zur-Verkoppelung.jpeg\" data-rel=\"lightbox-image-3\" data-rl_title=\"\" data-rl_caption=\"\" title=\"\"><img loading=\"lazy\" decoding=\"async\" class=\"size-medium wp-image-5966 alignleft\" src=\"https:\/\/www.gemeinde-stapel.de\/stapel\/wp-content\/uploads\/2022\/08\/Akte-zur-Verkoppelung-300x225.jpeg\" alt=\"Akte zur Verkoppelung\" width=\"300\" height=\"225\" srcset=\"https:\/\/www.gemeinde-stapel.de\/stapel\/wp-content\/uploads\/2022\/08\/Akte-zur-Verkoppelung-300x225.jpeg 300w, https:\/\/www.gemeinde-stapel.de\/stapel\/wp-content\/uploads\/2022\/08\/Akte-zur-Verkoppelung-768x576.jpeg 768w, https:\/\/www.gemeinde-stapel.de\/stapel\/wp-content\/uploads\/2022\/08\/Akte-zur-Verkoppelung.jpeg 1000w\" sizes=\"auto, (max-width: 300px) 100vw, 300px\" \/><\/a><\/p>\n<p>Das Archiv der Landschaft Stapelholm nimmt auch zuk\u00fcnftig Unterlagen der Gemeinden, von Vereinen oder anderen Organisationen, historische Unterlagen von Firmen oder Privatpersonen entgegen, um diese fachgerecht aufzubereiten und f\u00fcr zuk\u00fcnftige Generationen zu bewahren und der historischen Forschung zur Verf\u00fcgung zu stellen.<\/p>\n<p>Das Archiv steht jedem Interessierten offen. Die Benutzungssatzung regelt, dass die wertvollen und einmaligen Unterlagen in den R\u00e4umen des Archivs gesichtet werden k\u00f6nnen. Entleihen der Archivalien ist nicht m\u00f6glich. Allerdings k\u00f6nnen von den St\u00fccken Fotokopien angefertigt werden. Vor allem bei Hof- und Familienchroniken sind im Archiv wertvolle Unterlagen, die Licht in das Dunkel der Geschichte bringen.<\/p>\n<p>Das Archiv ist in der Regel <strong>donnerstags von 14.00 bis 16.00 Uhr<\/strong> ge\u00f6ffnet. Bitte melden Sie Ihren Besuch zuvor an.<\/p>\n<p><a href=\"https:\/\/www.gemeinde-stapel.de\/stapel\/wp-content\/uploads\/2022\/08\/Benutzerhandbuch-Archiv-der-Landschaft-Stapelholm.pdf\" target=\"_blank\" rel=\"noopener noreferrer\">N\u00e4here Informationen zu der Benutzungssatzung und der Entgeltordnung<\/a><\/p>\n<p><a href=\"https:\/\/www.gemeinde-stapel.de\/stapel\/wp-content\/uploads\/2022\/08\/Findbuch-1-Akten-2010-Archiv-der-Landschaft-Stapelholm.pdf\" target=\"_blank\" rel=\"noopener noreferrer\">Findbuch mit Informationen \u00fcber die Best\u00e4nde des Archivgutes<\/a><\/p>\n<p><a href=\"https:\/\/www.gemeinde-stapel.de\/stapel\/wp-content\/uploads\/2022\/08\/Bibliothek-Ausschnitt.jpeg\" data-rel=\"lightbox-image-4\" data-rl_title=\"\" data-rl_caption=\"\" title=\"\"><img loading=\"lazy\" decoding=\"async\" class=\"size-medium wp-image-5968 alignright\" src=\"https:\/\/www.gemeinde-stapel.de\/stapel\/wp-content\/uploads\/2022\/08\/Bibliothek-Ausschnitt-300x143.jpeg\" alt=\"Bibliothek-Ausschnitt\" width=\"300\" height=\"143\" srcset=\"https:\/\/www.gemeinde-stapel.de\/stapel\/wp-content\/uploads\/2022\/08\/Bibliothek-Ausschnitt-300x143.jpeg 300w, https:\/\/www.gemeinde-stapel.de\/stapel\/wp-content\/uploads\/2022\/08\/Bibliothek-Ausschnitt-768x367.jpeg 768w, https:\/\/www.gemeinde-stapel.de\/stapel\/wp-content\/uploads\/2022\/08\/Bibliothek-Ausschnitt.jpeg 1000w\" sizes=\"auto, (max-width: 300px) 100vw, 300px\" \/><\/a><\/p>\n<p>Kontakt:<br \/>\nArchiv der Landschaft Stapelholm<br \/>\nB\u00fcrgerhaus Stapel<br \/>\nBahnhofstra\u00dfe 29<br \/>\n25879 Stapel<\/p>\n<p>Arno Vorpahl<br \/>\nTelefon: 04883 \/ 710<\/p>\n","protected":false},"excerpt":{"rendered":"<p>Die Landschaft Stapelholm wurde 1260 erstmals urkundlich erw\u00e4hnt und kann auf eine lange, wechselvolle Geschichte zur\u00fcckblicken. Ein eigenes Landrecht, Besonderheiten in Verwaltung und andere Privilegien zeichneten die vergangenen Jahrhunderte dieser Region aus. Stapelholm geh\u00f6rte fr\u00fcher zum Amt Gottorf bzw. zum Amt H\u00fctten. Zeitweise war die Landschaft auch selbst\u00e4ndig. In preu\u00dfischer Zeit geh\u00f6rte Stapelholm zum Landkreis Schleswig. Nach der Kreisgebietsreform Anfang der 1970er Jahre wurde die Landschaft geteilt. Die D\u00f6rfer Seeth und Drage sowie die Stadt Friedrichstadt gingen an den Kreis Nordfriesland. Der Rest Stapelholms blieb im Kreis Schleswig-Flensburg und bildete dort das Amt Stapelholm. Mit der \u00c4mterzusammenlegung zum Jahreswechsel 2007 \/ 2008 verschmolz das alte Amt Stapelholm mit dem Amt Kropp. Seeth und Drage kamen zum Amt Nordsee-Treene. Die \u00e4lteren Unterlagen der Landschaft Stapelholm werden im Schleswig-Holsteinischen Landesarchiv in Schleswig verwahrt und bilden dort die Abteilung 170. Aufgrund des Landesarchivgesetzes schlossen die Gemeinden des ehemaligen Amtes Stapelholm (Bergenhusen, Erfde, Meggerdorf, Norderstapel, S\u00fcderstapel, Tielen, Wohlde) eine Vereinbarung \u00fcber ein Gemeinschaftsarchiv um dort ihre Unterlagen aufzubewahren. Damit die Fachlichkeit des Archivs gew\u00e4hrleistet ist, wurde ein Beratungsvertrag mit dem Kreisarchiv Schleswig-Flensburg geschlossen. Das \u201eArchiv der Landschaft Stapelholm\u201c wurde im Jahr 2003 in den R\u00e4umen des Stapelholm-Huus im Erfder Ortsteil Bargen eingerichtet. In den folgenden Monaten lieferten die Gemeinden ihre Unterlagen ein, die anschlie\u00dfend im Archiv gesichtet, geordnet und aufbereitet wurden. Hinzu kam Archivgut von Vereinen oder aus privater Hand. Die \u00e4ltesten Akten im Archiv stammen aus der Zeit um 1750. Genaue Informationen \u00fcber das vorhandene Archivgut erh\u00e4lt der Besucher im Findbuch, das hier herunter geladen werden kann. Eine kleine Pr\u00e4senzbibliothek mit landeskundlichen B\u00fcchern steht ebenfalls in den R\u00e4umen zur Verf\u00fcgung. Zahlreiche Fotos, darunter einige umfangreiche Nachl\u00e4sse, sind teilweise erschlossen. Auch dieser Bestand steht den Nutzern des Archivs offen. Im Fr\u00fchjahr 2022 zog das Archiv in das B\u00fcrgerhaus der Gemeinde Stapel. Das Archiv der Landschaft Stapelholm nimmt auch zuk\u00fcnftig Unterlagen der Gemeinden, von Vereinen oder anderen Organisationen, historische Unterlagen von Firmen oder Privatpersonen entgegen, um diese fachgerecht aufzubereiten und f\u00fcr zuk\u00fcnftige Generationen zu bewahren und der historischen Forschung zur Verf\u00fcgung zu stellen. Das Archiv steht jedem Interessierten offen. Die Benutzungssatzung regelt, dass die wertvollen und einmaligen Unterlagen in den R\u00e4umen des Archivs gesichtet werden k\u00f6nnen. Entleihen der Archivalien ist nicht m\u00f6glich. Allerdings k\u00f6nnen von den St\u00fccken Fotokopien angefertigt werden. Vor allem bei Hof- und Familienchroniken sind im Archiv wertvolle Unterlagen, die Licht in das Dunkel der Geschichte bringen. Das Archiv ist in der Regel donnerstags von 14.00 bis 16.00 Uhr ge\u00f6ffnet. Bitte melden Sie Ihren Besuch zuvor an. N\u00e4here Informationen zu der Benutzungssatzung und der Entgeltordnung Findbuch mit Informationen \u00fcber die Best\u00e4nde des Archivgutes Kontakt: Archiv der Landschaft Stapelholm B\u00fcrgerhaus Stapel Bahnhofstra\u00dfe 29 25879 Stapel Arno Vorpahl Telefon: 04883 \/ 710<\/p>\n","protected":false},"author":1,"featured_media":0,"parent":0,"menu_order":0,"comment_status":"closed","ping_status":"closed","template":"","meta":{"footnotes":""},"class_list":["post-5953","page","type-page","status-publish","hentry"],"_links":{"self":[{"href":"https:\/\/www.gemeinde-stapel.de\/stapel\/wp-json\/wp\/v2\/pages\/5953","targetHints":{"allow":["GET"]}}],"collection":[{"href":"https:\/\/www.gemeinde-stapel.de\/stapel\/wp-json\/wp\/v2\/pages"}],"about":[{"href":"https:\/\/www.gemeinde-stapel.de\/stapel\/wp-json\/wp\/v2\/types\/page"}],"author":[{"embeddable":true,"href":"https:\/\/www.gemeinde-stapel.de\/stapel\/wp-json\/wp\/v2\/users\/1"}],"replies":[{"embeddable":true,"href":"https:\/\/www.gemeinde-stapel.de\/stapel\/wp-json\/wp\/v2\/comments?post=5953"}],"version-history":[{"count":10,"href":"https:\/\/www.gemeinde-stapel.de\/stapel\/wp-json\/wp\/v2\/pages\/5953\/revisions"}],"predecessor-version":[{"id":6010,"href":"https:\/\/www.gemeinde-stapel.de\/stapel\/wp-json\/wp\/v2\/pages\/5953\/revisions\/6010"}],"wp:attachment":[{"href":"https:\/\/www.gemeinde-stapel.de\/stapel\/wp-json\/wp\/v2\/media?parent=5953"}],"curies":[{"name":"wp","href":"https:\/\/api.w.org\/{rel}","templated":true}]}}