{"id":5822,"date":"2022-07-23T15:54:43","date_gmt":"2022-07-23T13:54:43","guid":{"rendered":"https:\/\/www.gemeinde-stapel.de\/stapel\/?page_id=5822"},"modified":"2026-03-09T11:24:35","modified_gmt":"2026-03-09T10:24:35","slug":"baugebiet","status":"publish","type":"page","link":"https:\/\/www.gemeinde-stapel.de\/stapel\/baugebiet\/","title":{"rendered":"Baugebiet \u201eAlte Kreisbahn\u201c"},"content":{"rendered":"<p><a href=\"https:\/\/www.gemeinde-stapel.de\/stapel\/wp-content\/uploads\/2024\/01\/Baugebiet_Alte_Kreisbahn.jpg\" data-rel=\"lightbox-image-0\" data-rl_title=\"\" data-rl_caption=\"\" title=\"\"><img loading=\"lazy\" decoding=\"async\" class=\"aligncenter size-large wp-image-7745\" src=\"https:\/\/www.gemeinde-stapel.de\/stapel\/wp-content\/uploads\/2024\/01\/Baugebiet_Alte_Kreisbahn-1300x458.jpg\" alt=\"\" width=\"960\" height=\"338\" srcset=\"https:\/\/www.gemeinde-stapel.de\/stapel\/wp-content\/uploads\/2024\/01\/Baugebiet_Alte_Kreisbahn-1300x458.jpg 1300w, https:\/\/www.gemeinde-stapel.de\/stapel\/wp-content\/uploads\/2024\/01\/Baugebiet_Alte_Kreisbahn-300x106.jpg 300w, https:\/\/www.gemeinde-stapel.de\/stapel\/wp-content\/uploads\/2024\/01\/Baugebiet_Alte_Kreisbahn-768x271.jpg 768w, https:\/\/www.gemeinde-stapel.de\/stapel\/wp-content\/uploads\/2024\/01\/Baugebiet_Alte_Kreisbahn-1140x402.jpg 1140w, https:\/\/www.gemeinde-stapel.de\/stapel\/wp-content\/uploads\/2024\/01\/Baugebiet_Alte_Kreisbahn.jpg 1500w\" sizes=\"auto, (max-width: 960px) 100vw, 960px\" \/><\/a><\/p>\n<p><strong>Baugrundst\u00fccke<\/strong><\/p>\n<p>Die Gemeinde Stapel bietet Baugrundst\u00fccke im B\u2010Plan Nr. 3 Baugebiet \u201eAlte Kreisbahn\u201c (Ortsteil S\u00fcderstapel) zum Verkauf an.<\/p>\n<ul>\n<li>15 Baugrundst\u00fccke (7 verkauft)<\/li>\n<li>105 \u20ac \/ m\u00b2 (voll erschlossen)<\/li>\n<li>589 m\u00b2 \u2013 912 m\u00b2<\/li>\n<\/ul>\n<p><strong>10 Grundst\u00fccke jetzt auch f\u00fcr Vermietungsobjekte freigegeben.<\/strong><\/p>\n<p><a href=\"http:\/\/www.openstreetmap.org\/?mlat=54.3539&amp;mlon=9.2106&amp;zoom=17&amp;layers=M\" target=\"_osm\" rel=\"noopener noreferrer\">Lage des Baugebiets in Stapel auf gro\u00dfer Karte in neuem Fenster anzeigen<\/a><\/p>\n<p>Weitere Informationen entnehmen Sie bitte den beigef\u00fcgten Unterlagen (PDFs):<\/p>\n<p><a href=\"https:\/\/www.gemeinde-stapel.de\/stapel\/wp-content\/uploads\/2026\/03\/Lageplan-inkl.-Grundstuecksgroessen.pdf\" target=\"_blank\" rel=\"noopener noreferrer\"><a href=\"https:\/\/www.gemeinde-stapel.de\/stapel\/wp-content\/uploads\/2026\/03\/Lageplan-inkl.-Grundstuecksgroessen.jpg\" data-rel=\"lightbox-image-1\" data-rl_title=\"\" data-rl_caption=\"\" title=\"\"><img loading=\"lazy\" decoding=\"async\" src=\"https:\/\/www.gemeinde-stapel.de\/stapel\/wp-content\/uploads\/2026\/03\/Lageplan-inkl.-Grundstuecksgroessen.jpg\" alt=\"\" width=\"662\" height=\"464\" class=\"alignleft size-full wp-image-10135\" srcset=\"https:\/\/www.gemeinde-stapel.de\/stapel\/wp-content\/uploads\/2026\/03\/Lageplan-inkl.-Grundstuecksgroessen.jpg 662w, https:\/\/www.gemeinde-stapel.de\/stapel\/wp-content\/uploads\/2026\/03\/Lageplan-inkl.-Grundstuecksgroessen-300x210.jpg 300w\" sizes=\"auto, (max-width: 662px) 100vw, 662px\" \/><\/a><\/a><br clear=\"left\"\/><\/p>\n<ul>\n<li><a href=\"https:\/\/www.gemeinde-stapel.de\/stapel\/wp-content\/uploads\/2023\/03\/1.-B-Plan.pdf\" target=\"_blank\" rel=\"noopener noreferrer\">B-Plan Nr. 3 Baugebiet \u201eAlte Kreisbahn\u201c<\/a><\/li>\n<li><a href=\"https:\/\/www.gemeinde-stapel.de\/stapel\/wp-content\/uploads\/2023\/03\/2.-Begruendung-B-Plan.pdf\" target=\"_blank\" rel=\"noopener noreferrer\">Begr\u00fcndung zum B-Plan Nr. 3 Baugebiet \u201eAlte Kreisbahn\u201c<\/a><\/li>\n<li><a href=\"https:\/\/www.gemeinde-stapel.de\/stapel\/wp-content\/uploads\/2026\/03\/Lageplan-inkl.-Grundstuecksgroessen.pdf\" target=\"_blank\" rel=\"noopener noreferrer\">Lageplan inkl. Grundstu\u0308cksgro\u0308\u00dfen<\/a><\/li>\n<li><a href=\"https:\/\/www.gemeinde-stapel.de\/stapel\/wp-content\/uploads\/2023\/03\/4.-Vergabeverfahren.pdf\" target=\"_blank\" rel=\"noopener noreferrer\">Vergabeverfahren<\/a><\/li>\n<li><a href=\"https:\/\/www.gemeinde-stapel.de\/stapel\/wp-content\/uploads\/2023\/03\/5.-Zeitlicher-Ablaufplan.pdf\" target=\"_blank\" rel=\"noopener noreferrer\">Zeitlicher Ablaufplan<\/a><\/li>\n<li><a href=\"https:\/\/www.gemeinde-stapel.de\/stapel\/wp-content\/uploads\/2023\/03\/6.-Kaufpreis.pdf\" target=\"_blank\" rel=\"noopener noreferrer\">Kaufpreis<\/a><\/li>\n<li><a href=\"https:\/\/www.gemeinde-stapel.de\/stapel\/wp-content\/uploads\/2023\/03\/7.-Bewerbungsformular.pdf\" target=\"_blank\" rel=\"noopener noreferrer\">Bewerbungsformular<\/a><\/li>\n<\/ul>\n<p>Bei Interesse oder im Falle von Fragen wenden Sie sich bitte an Frau Staack:<br \/>\nTel. 04624\/72\u201056 oder <a href=\"mailto:W.Staack@amt-ks.de\">W.Staack@amt-ks.de<\/a><\/p>\n<p>(Stand: 9.3.2026)<\/p>\n","protected":false},"excerpt":{"rendered":"<p>Baugrundst\u00fccke Die Gemeinde Stapel bietet Baugrundst\u00fccke im B\u2010Plan Nr. 3 Baugebiet \u201eAlte Kreisbahn\u201c (Ortsteil S\u00fcderstapel) zum Verkauf an. 15 Baugrundst\u00fccke (7 verkauft) 105 \u20ac \/ m\u00b2 (voll erschlossen) 589 m\u00b2 \u2013 912 m\u00b2 10 Grundst\u00fccke jetzt auch f\u00fcr Vermietungsobjekte freigegeben. Lage des Baugebiets in Stapel auf gro\u00dfer Karte in neuem Fenster anzeigen Weitere Informationen entnehmen Sie bitte den beigef\u00fcgten Unterlagen (PDFs): B-Plan Nr. 3 Baugebiet \u201eAlte Kreisbahn\u201c Begr\u00fcndung zum B-Plan Nr. 3 Baugebiet \u201eAlte Kreisbahn\u201c Lageplan inkl. Grundstu\u0308cksgro\u0308\u00dfen Vergabeverfahren Zeitlicher Ablaufplan Kaufpreis Bewerbungsformular Bei Interesse oder im Falle von Fragen wenden Sie sich bitte an Frau Staack: Tel. 04624\/72\u201056 oder W.Staack@amt-ks.de (Stand: 9.3.2026)<\/p>\n","protected":false},"author":1,"featured_media":0,"parent":0,"menu_order":0,"comment_status":"closed","ping_status":"closed","template":"","meta":{"footnotes":""},"class_list":["post-5822","page","type-page","status-publish","hentry"],"_links":{"self":[{"href":"https:\/\/www.gemeinde-stapel.de\/stapel\/wp-json\/wp\/v2\/pages\/5822","targetHints":{"allow":["GET"]}}],"collection":[{"href":"https:\/\/www.gemeinde-stapel.de\/stapel\/wp-json\/wp\/v2\/pages"}],"about":[{"href":"https:\/\/www.gemeinde-stapel.de\/stapel\/wp-json\/wp\/v2\/types\/page"}],"author":[{"embeddable":true,"href":"https:\/\/www.gemeinde-stapel.de\/stapel\/wp-json\/wp\/v2\/users\/1"}],"replies":[{"embeddable":true,"href":"https:\/\/www.gemeinde-stapel.de\/stapel\/wp-json\/wp\/v2\/comments?post=5822"}],"version-history":[{"count":10,"href":"https:\/\/www.gemeinde-stapel.de\/stapel\/wp-json\/wp\/v2\/pages\/5822\/revisions"}],"predecessor-version":[{"id":10138,"href":"https:\/\/www.gemeinde-stapel.de\/stapel\/wp-json\/wp\/v2\/pages\/5822\/revisions\/10138"}],"wp:attachment":[{"href":"https:\/\/www.gemeinde-stapel.de\/stapel\/wp-json\/wp\/v2\/media?parent=5822"}],"curies":[{"name":"wp","href":"https:\/\/api.w.org\/{rel}","templated":true}]}}