{"id":2262,"date":"2019-03-22T11:14:25","date_gmt":"2019-03-22T10:14:25","guid":{"rendered":"https:\/\/www.gemeinde-stapel.de\/stapel\/?page_id=2262"},"modified":"2026-04-23T13:14:31","modified_gmt":"2026-04-23T11:14:31","slug":"zukunftswerkstatt","status":"publish","type":"page","link":"https:\/\/www.gemeinde-stapel.de\/stapel\/zukunftswerkstatt\/","title":{"rendered":"Ortskernentwicklungskonzept"},"content":{"rendered":"<div style=\"text-align: center\">(fr\u00fcher: Ortsentwicklungskonzept)<\/div>\n<hr \/>\n<p><img loading=\"lazy\" decoding=\"async\" src=\"https:\/\/www.gemeinde-stapel.de\/stapel\/wp-content\/uploads\/2026\/04\/2026-04-22_OEK_Stapel_Plakat_Abschluss.jpg\" alt=\"\" width=\"565\" height=\"800\" class=\"aligncenter size-full wp-image-10344\" srcset=\"https:\/\/www.gemeinde-stapel.de\/stapel\/wp-content\/uploads\/2026\/04\/2026-04-22_OEK_Stapel_Plakat_Abschluss.jpg 565w, https:\/\/www.gemeinde-stapel.de\/stapel\/wp-content\/uploads\/2026\/04\/2026-04-22_OEK_Stapel_Plakat_Abschluss-212x300.jpg 212w\" sizes=\"auto, (max-width: 565px) 100vw, 565px\" \/><\/p>\n<p style=\"clear:left;\"><strong>Einladung zur Abschlusspr\u00e4sentation zum Ortskernentwicklungskonzept<\/strong><br \/>\n<br \/>\nNach der erfolgreichen B\u00fcrgerbeteiligung m\u00f6chten wir Ihnen nun die Ergebnisse in Form einer Abschlusspr\u00e4sentation vorstellen.<br \/>\n<br \/>\nDazu laden wir Sie herzlich ein:<br \/>\n<strong>Montag, 01. Juni 2026 \u2028um 19:00 Uhr in Niemeyers Landgasthof und Pension, Stapel<\/strong><br \/>\n<br \/>\nDas beauftragte Gutachterb\u00fcro GEWOS\/BIG St\u00e4dtebau und die Gemeindevertretung Stapel freuen uns, Ihnen die gemeinsam erarbeiteten Ideen und Perspektiven f\u00fcr die Zukunft unserer Gemeinde pr\u00e4sentieren zu d\u00fcrfen.<br \/>\nMein besonderer Dank gilt allen Beteiligten, die sich engagiert eingebracht haben \u2013 offen, konstruktiv und mit Weitblick. Durch den gemeinsamen Austausch, das Entwickeln von Ideen und die \u00dcbernahme von Verantwortung ist ein wertvoller Beitrag f\u00fcr die Zukunft unserer Gemeinde entstanden.<br \/>\n<br \/>\nWir freuen uns auf Ihr Kommen!<br \/>\nMit freundlichen Gr\u00fc\u00dfen<br \/>\nIhr \/ Euer J\u00f6rg Lundelius<br \/>\nB\u00fcrgermeister &#8211; Gemeinde Stapel<\/p>\n<p><a href=\"https:\/\/www.gemeinde-stapel.de\/stapel\/wp-content\/uploads\/2026\/04\/2026-04-22_OEK_Stapel_Plakat_Abschluss-1.pdf\" target=\"_blank\" rel=\"noopener noreferrer\">Einladung zur Abschlusspr\u00e4sentation zum Ortskernentwicklungskonzept (PDF)<\/a><\/p>\n<hr \/>\n<p><a href=\"https:\/\/www.gemeinde-stapel.de\/stapel\/wp-content\/uploads\/2026\/01\/Plakat_OEK_Stapel.pdf\" target=\"_blank\" rel=\"noopener noreferrer\"><img loading=\"lazy\" decoding=\"async\" src=\"https:\/\/www.gemeinde-stapel.de\/stapel\/wp-content\/uploads\/2026\/01\/Plakat_OEK_Stapel.jpg\" alt=\"\" width=\"565\" height=\"800\" class=\"aligncenter size-full wp-image-9947\" srcset=\"https:\/\/www.gemeinde-stapel.de\/stapel\/wp-content\/uploads\/2026\/01\/Plakat_OEK_Stapel.jpg 565w, https:\/\/www.gemeinde-stapel.de\/stapel\/wp-content\/uploads\/2026\/01\/Plakat_OEK_Stapel-212x300.jpg 212w\" sizes=\"auto, (max-width: 565px) 100vw, 565px\" \/><\/a><\/p>\n<p style=\"clear:left;\"><strong>Gemeinde Stapel schreibt Ortskernentwicklungskonzept (OEK) fort \u2013 Einladung zum B\u00fcrgerforum am 2. M\u00e4rz 2026<\/strong><br \/>\n<br \/>\nWie soll sich Stapel in den kommenden Jahren weiterentwickeln? Welche St\u00e4rken gilt es zu bewahren, wo besteht Handlungsbedarf und welche Ideen haben die B\u00fcrgerinnen und B\u00fcrger f\u00fcr die Zukunft ihres Ortes? Mit diesen Fragen besch\u00e4ftigen sich die Gemeinde Stapel und die Gutachterb\u00fcros GEWOS sowie BIG St\u00e4dtebau erneut intensiv und laden alle Einwohnerinnen und Einwohner herzlich zu einem B\u00fcrgerforum am 2. M\u00e4rz 2026 um 19:00 Uhr in Niemeyers Landgasthof &#038; Pension (Hauptstra\u00dfe 22, 25879 Stapel) ein.<br \/>\n<br \/>\nBereits im Jahr 2019 wurde ein Ortskernentwicklungskonzept in Stapel erarbeitet. Viele der damals entwickelten Ma\u00dfnahmen wurden bereits umgesetzt. Schon damals zeigte sich: Die Zukunft Stapels kann nur zusammen gestaltet werden. Ein OEK ist ein gemeinsam erarbeitetes Konzept, das regelm\u00e4\u00dfig \u00fcberpr\u00fcft und an neue Bedingungen angepasst werden soll.<br \/>\n<br \/>\nIm Rahmen des B\u00fcrgerforums wird zuerst eine aktualisierte Bestandsanalyse der Gemeinde Stapel vorgestellt. Was hat sich seit 2019 ver\u00e4ndert? Welche Ma\u00dfnahmen wurden bereits umgesetzt, wo haben sich neue ergeben?<br \/>\nIm Anschluss sind die Teilnehmenden eingeladen, sich aktiv einzubringen. Anhand von Themenfeldern werden Ideen gesammelt, diskutiert und weiterentwickelt \u2013 von Wohnen und Mobilit\u00e4t \u00fcber Ortsbild und Infrastruktur bis zur Dorfgemeinschaft. Ziel ist es, konkrete Anregungen, W\u00fcnsche und Kritik von Seiten der B\u00fcrgerinnen und B\u00fcrgern aufzunehmen, die in das Ortskernentwicklungskonzept einflie\u00dfen.<br \/>\n<br \/>\nDie Gemeinde Stapel m\u00f6chte ausdr\u00fccklich alle Altersgruppen ansprechen \u2013 ob jung oder alt, alteingesessen oder neu zugezogen. Jede Perspektive z\u00e4hlt, denn die Ortsentwicklung lebt vom Engagement und dem Wissen der Menschen vor Ort.<br \/>\n<br \/>\nZur Vorbereitung auf das B\u00fcrgerforum k\u00f6nnen sich Interessierte bereits im Vorfeld Gedanken zu folgenden Fragen machen:<\/p>\n<ul>\n<li>Was macht Stapel f\u00fcr mich lebenswert?<\/li>\n<li>Wo sehe ich den gr\u00f6\u00dften Handlungsbedarf f\u00fcr die Zukunft Stapels?<\/li>\n<li>Welche konkrete Idee oder Ver\u00e4nderung w\u00fcnsche ich mir f\u00fcr Stapel in den n\u00e4chsten Jahren?<\/li>\n<\/ul>\n<p>Die Gemeinde sowie das Expertenteam GEWOS\/BIG St\u00e4dtebau freuen sich auf eine rege Beteiligung und einen konstruktiven Austausch \u00fcber die Zukunft Stapels.<br \/>\n<br \/>\nIhr \/ Euer<br \/>\nJ\u00f6rg Lundelius<br \/>\nB\u00fcrgermeister &#8211;\u00a0Gemeinde Stapel<\/p>\n<p><a href=\"https:\/\/www.gemeinde-stapel.de\/stapel\/wp-content\/uploads\/2026\/01\/Einladung-Buergerforum.pdf\" target=\"_blank\" rel=\"noopener noreferrer\">Einladung zum Bu\u0308rgerforum (PDF)<\/a><\/p>\n<hr \/>\n<div style=\"text-align: center; font-size: 14pt;\"><strong>Ortsentwicklungskonzept 2019<\/strong><\/div>\n<hr \/>\n<p><strong><span style=\"font-size: 14pt;\">Stapel 2030 &#8211; Gemeinsam die Weichen f\u00fcr die Zukunft stellen<\/span><\/strong><\/p>\n<p>Mit einem Auftaktgespr\u00e4ch am 12. M\u00e4rz 2019 startete die Gemeinde Stapel mit der Erarbeitung ihres Ortsentwicklungskonzeptes. Zuvor hatte die Gemeindevertretung einstimmig die Erstellung eines solchen langfristigen Handlungsleitfadens f\u00fcr die Politik und f\u00fcr die Einwohner beschlossen. Mit der Umsetzung des Ortsentwicklungskonzeptes ist das Hamburger B\u00fcro <em>inspektour<\/em> beauftragt worden, welches bereits zahlreiche Ortsentwicklungskonzepte in Schleswig-Holstein begleiten durfte.<\/p>\n<p>Am Anfang des Entwicklungskonzeptes f\u00fcr Stapel stand eine umfangreiche Bestandsaufnahme in allen Bereichen des Dorflebens. \u201eBesonders die Themen Wohnen, Nahversorgung, Dorfgemeinschaft, Mobilit\u00e4t sowie Wirtschaft und Tourismus sind genau zu untersuchen. Hier m\u00f6chten wir uns nachhaltig und positiv f\u00fcr die Zukunft aufstellen\u201c, so B\u00fcrgermeister Rahn.<\/p>\n<p>Auf Basis der Bestandsanalyse wurden Handlungsfelder, Ziele und ganz konkrete Projekte abgeleitet. Diese sollen die Attraktivit\u00e4t der Gemeinde Stapel f\u00fcr ihre Einwohner, die ans\u00e4ssige Wirtschaft als auch f\u00fcr G\u00e4ste verbessern. Im Ergebnis erhielt Stapel einen \u201eFahrplan\u201c f\u00fcr die k\u00fcnftige Entwicklung.\u00a0Am 15. August 2019 hat die Gemeindevertretung das Ortsentwicklungskonzept f\u00fcr die Gemeinde Stapel beschlossen.<\/p>\n<p>Hier k\u00f6nnen Sie das <a href=\"https:\/\/www.gemeinde-stapel.de\/pdf\/Endfassung_OE_Stapel.pdf\" target=\"_blank\" rel=\"noopener noreferrer\">Ortsentwicklungskonzept<\/a> herunterladen.<\/p>\n<hr \/>\n<p><strong><span style=\"font-size: 14pt;\">Auf dem Weg in die Zukunft \u2013 Gemeinde Stapel stellt sich auf<\/span><\/strong><br \/>\n<span style=\"font-size: 10pt;\">(\u00a9 Text: Markus S\u00fcphke\/Stapelholm-Kurier, Grafiken: inspektour GmbH)<\/span><\/p>\n<p><a href=\"https:\/\/www.gemeinde-stapel.de\/stapel\/wp-content\/uploads\/2019\/10\/OEK_Handlungsfelder.jpg\" data-wp-editing=\"1\" data-rel=\"lightbox-image-0\" data-rl_title=\"\" data-rl_caption=\"\" title=\"\"><img loading=\"lazy\" decoding=\"async\" class=\"wp-image-2907 size-medium alignright\" src=\"https:\/\/www.gemeinde-stapel.de\/stapel\/wp-content\/uploads\/2019\/10\/OEK_Handlungsfelder-300x221.jpg\" alt=\"Blaue K\u00e4sten\" width=\"300\" height=\"221\" srcset=\"https:\/\/www.gemeinde-stapel.de\/stapel\/wp-content\/uploads\/2019\/10\/OEK_Handlungsfelder-300x221.jpg 300w, https:\/\/www.gemeinde-stapel.de\/stapel\/wp-content\/uploads\/2019\/10\/OEK_Handlungsfelder-768x567.jpg 768w, https:\/\/www.gemeinde-stapel.de\/stapel\/wp-content\/uploads\/2019\/10\/OEK_Handlungsfelder.jpg 1000w\" sizes=\"auto, (max-width: 300px) 100vw, 300px\" \/><\/a><\/p>\n<p>Im Mittelpunkt der letzten Sitzung der Gemeindevertretung stand ein Vortrag durch Frau Katrin Kotschner von der <em>inspektour GmbH<\/em> zum Ortsentwicklungskonzept (OEK), das unter guter Beteiligung der Einwohner f\u00fcr die Gemeinde entwickelt wurde. Die Gemeinde wird f\u00fcr das Vorhaben eine Zuwendung von 75 % der zuwendungsf\u00e4higen Kosten aus Mittel des Landes Schleswig-Holstein und des Bundes im Rahmen der Gemeinschaftsaufgabe \u201eVerbesserung der Agrarstruktur und des K\u00fcstenschutzes (GAK)\u201c erhalten. \u201eDas OEK ist eine Handlungsempfehlung, im \u00fcbertragenen Sinne ein Fahrplan, f\u00fcr die Ortsentwicklung in den n\u00e4chsten 15 Jahren,\u201c sagte Frau Kotschner. \u201eWir beantworten damit die Frage: Wie muss Stapel sich aufstellen, damit die Zukunftssicherung gew\u00e4hrleistet bleibt.\u201c Aus einer Situationsanalyse wurden noch vorhandene Defizite und W\u00fcnsche f\u00fcr Verbesserungen aufgezeigt. Sechs Handlungsfelder wurden abgeleitet <span style=\"font-size: 10pt;\">(<em>blaue K\u00e4sten<\/em>)<\/span>:<\/p>\n<p><a href=\"https:\/\/www.gemeinde-stapel.de\/stapel\/wp-content\/uploads\/2019\/10\/OEK_Prioritaeten.jpg\" data-rel=\"lightbox-image-1\" data-rl_title=\"\" data-rl_caption=\"\" title=\"\"><img loading=\"lazy\" decoding=\"async\" class=\"alignleft size-medium wp-image-2908\" src=\"https:\/\/www.gemeinde-stapel.de\/stapel\/wp-content\/uploads\/2019\/10\/OEK_Prioritaeten-300x225.jpg\" alt=\"\" width=\"300\" height=\"225\" srcset=\"https:\/\/www.gemeinde-stapel.de\/stapel\/wp-content\/uploads\/2019\/10\/OEK_Prioritaeten-300x225.jpg 300w, https:\/\/www.gemeinde-stapel.de\/stapel\/wp-content\/uploads\/2019\/10\/OEK_Prioritaeten-768x576.jpg 768w, https:\/\/www.gemeinde-stapel.de\/stapel\/wp-content\/uploads\/2019\/10\/OEK_Prioritaeten.jpg 1000w\" sizes=\"auto, (max-width: 300px) 100vw, 300px\" \/><\/a><\/p>\n<p>In diesen Feldern werden Einzelma\u00dfnahmen als sogenannten Schl\u00fcsselprojekten konkretisiert. \u201eWir wollten eine langfristige Handlungsrichtlinie f\u00fcr Politik und Bev\u00f6lkerung,\u201c zieht B\u00fcrgermeister Rainer Rahn sein Fazit: \u201eJetzt m\u00fcssen wir nach und nach die empfohlenen Einzelma\u00dfnahmen nur noch gemeinsam umsetzen.\u201c Das touristische Angebot im Ortsteil S\u00fcderstapel und die vorhandenen Angebote zur Nahversorgung in beiden Ortsteilen sollen zumindest gehalten, nach M\u00f6glichkeit verbessert werden. Die M\u00f6glichkeiten f\u00fcr wirtschaftliche Aktivit\u00e4ten und das Zusammenwachsen der Ortsteile durch die Weiterentwicklung des schon vorhandenen Zentrums zwischen den Ortsteilen sollen gef\u00f6rdert werden. Alle wichtigen Schl\u00fcsselprojekte wurden mit einer Priorit\u00e4t versehen.<\/p>\n","protected":false},"excerpt":{"rendered":"<p>(fr\u00fcher: Ortsentwicklungskonzept) Einladung zur Abschlusspr\u00e4sentation zum Ortskernentwicklungskonzept Nach der erfolgreichen B\u00fcrgerbeteiligung m\u00f6chten wir Ihnen nun die Ergebnisse in Form einer Abschlusspr\u00e4sentation vorstellen. Dazu laden wir Sie herzlich ein: Montag, 01. Juni 2026 \u2028um 19:00 Uhr in Niemeyers Landgasthof und Pension, Stapel Das beauftragte Gutachterb\u00fcro GEWOS\/BIG St\u00e4dtebau und die Gemeindevertretung Stapel freuen uns, Ihnen die gemeinsam erarbeiteten Ideen und Perspektiven f\u00fcr die Zukunft unserer Gemeinde pr\u00e4sentieren zu d\u00fcrfen. Mein besonderer Dank gilt allen Beteiligten, die sich engagiert eingebracht haben \u2013 offen, konstruktiv und mit Weitblick. Durch den gemeinsamen Austausch, das Entwickeln von Ideen und die \u00dcbernahme von Verantwortung ist ein wertvoller Beitrag f\u00fcr die Zukunft unserer Gemeinde entstanden. Wir freuen uns auf Ihr Kommen! Mit freundlichen Gr\u00fc\u00dfen Ihr \/ Euer J\u00f6rg Lundelius B\u00fcrgermeister &#8211; Gemeinde Stapel Einladung zur Abschlusspr\u00e4sentation zum Ortskernentwicklungskonzept (PDF) Gemeinde Stapel schreibt Ortskernentwicklungskonzept (OEK) fort \u2013 Einladung zum B\u00fcrgerforum am 2. M\u00e4rz 2026 Wie soll sich Stapel in den kommenden Jahren weiterentwickeln? Welche St\u00e4rken gilt es zu bewahren, wo besteht Handlungsbedarf und welche Ideen haben die B\u00fcrgerinnen und B\u00fcrger f\u00fcr die Zukunft ihres Ortes? Mit diesen Fragen besch\u00e4ftigen sich die Gemeinde Stapel und die Gutachterb\u00fcros GEWOS sowie BIG St\u00e4dtebau erneut intensiv und laden alle Einwohnerinnen und Einwohner herzlich zu einem B\u00fcrgerforum am 2. M\u00e4rz 2026 um 19:00 Uhr in Niemeyers Landgasthof &#038; Pension (Hauptstra\u00dfe 22, 25879 Stapel) ein. Bereits im Jahr 2019 wurde ein Ortskernentwicklungskonzept in Stapel erarbeitet. Viele der damals entwickelten Ma\u00dfnahmen wurden bereits umgesetzt. Schon damals zeigte sich: Die Zukunft Stapels kann nur zusammen gestaltet werden. Ein OEK ist ein gemeinsam erarbeitetes Konzept, das regelm\u00e4\u00dfig \u00fcberpr\u00fcft und an neue Bedingungen angepasst werden soll. Im Rahmen des B\u00fcrgerforums wird zuerst eine aktualisierte Bestandsanalyse der Gemeinde Stapel vorgestellt. Was hat sich seit 2019 ver\u00e4ndert? Welche Ma\u00dfnahmen wurden bereits umgesetzt, wo haben sich neue ergeben? Im Anschluss sind die Teilnehmenden eingeladen, sich aktiv einzubringen. Anhand von Themenfeldern werden Ideen gesammelt, diskutiert und weiterentwickelt \u2013 von Wohnen und Mobilit\u00e4t \u00fcber Ortsbild und Infrastruktur bis zur Dorfgemeinschaft. Ziel ist es, konkrete Anregungen, W\u00fcnsche und Kritik von Seiten der B\u00fcrgerinnen und B\u00fcrgern aufzunehmen, die in das Ortskernentwicklungskonzept einflie\u00dfen. Die Gemeinde Stapel m\u00f6chte ausdr\u00fccklich alle Altersgruppen ansprechen \u2013 ob jung oder alt, alteingesessen oder neu zugezogen. Jede Perspektive z\u00e4hlt, denn die Ortsentwicklung lebt vom Engagement und dem Wissen der Menschen vor Ort. Zur Vorbereitung auf das B\u00fcrgerforum k\u00f6nnen sich Interessierte bereits im Vorfeld Gedanken zu folgenden Fragen machen: Was macht Stapel f\u00fcr mich lebenswert? Wo sehe ich den gr\u00f6\u00dften Handlungsbedarf f\u00fcr die Zukunft Stapels? Welche konkrete Idee oder Ver\u00e4nderung w\u00fcnsche ich mir f\u00fcr Stapel in den n\u00e4chsten Jahren? Die Gemeinde sowie das Expertenteam GEWOS\/BIG St\u00e4dtebau freuen sich auf eine rege Beteiligung und einen konstruktiven Austausch \u00fcber die Zukunft Stapels. Ihr \/ Euer J\u00f6rg Lundelius B\u00fcrgermeister &#8211;\u00a0Gemeinde Stapel Einladung zum Bu\u0308rgerforum (PDF) Ortsentwicklungskonzept 2019 Stapel 2030 &#8211; Gemeinsam die Weichen f\u00fcr die Zukunft stellen Mit einem Auftaktgespr\u00e4ch am 12. M\u00e4rz 2019 startete die Gemeinde Stapel mit der Erarbeitung ihres Ortsentwicklungskonzeptes. Zuvor hatte die Gemeindevertretung einstimmig die Erstellung eines solchen langfristigen Handlungsleitfadens f\u00fcr die Politik und f\u00fcr die Einwohner beschlossen. Mit der Umsetzung des Ortsentwicklungskonzeptes ist das Hamburger B\u00fcro inspektour beauftragt worden, welches bereits zahlreiche Ortsentwicklungskonzepte in Schleswig-Holstein begleiten durfte. Am Anfang des Entwicklungskonzeptes f\u00fcr Stapel stand eine umfangreiche Bestandsaufnahme in allen Bereichen des Dorflebens. \u201eBesonders die Themen Wohnen, Nahversorgung, Dorfgemeinschaft, Mobilit\u00e4t sowie Wirtschaft und Tourismus sind genau zu untersuchen. Hier m\u00f6chten wir uns nachhaltig und positiv f\u00fcr die Zukunft aufstellen\u201c, so B\u00fcrgermeister Rahn. Auf Basis der Bestandsanalyse wurden Handlungsfelder, Ziele und ganz konkrete Projekte abgeleitet. Diese sollen die Attraktivit\u00e4t der Gemeinde Stapel f\u00fcr ihre Einwohner, die ans\u00e4ssige Wirtschaft als auch f\u00fcr G\u00e4ste verbessern. Im Ergebnis erhielt Stapel einen \u201eFahrplan\u201c f\u00fcr die k\u00fcnftige Entwicklung.\u00a0Am 15. August 2019 hat die Gemeindevertretung das Ortsentwicklungskonzept f\u00fcr die Gemeinde Stapel beschlossen. Hier k\u00f6nnen Sie das Ortsentwicklungskonzept herunterladen. Auf dem Weg in die Zukunft \u2013 Gemeinde Stapel stellt sich auf (\u00a9 Text: Markus S\u00fcphke\/Stapelholm-Kurier, Grafiken: inspektour GmbH) Im Mittelpunkt der letzten Sitzung der Gemeindevertretung stand ein Vortrag durch Frau Katrin Kotschner von der inspektour GmbH zum Ortsentwicklungskonzept (OEK), das unter guter Beteiligung der Einwohner f\u00fcr die Gemeinde entwickelt wurde. Die Gemeinde wird f\u00fcr das Vorhaben eine Zuwendung von 75 % der zuwendungsf\u00e4higen Kosten aus Mittel des Landes Schleswig-Holstein und des Bundes im Rahmen der Gemeinschaftsaufgabe \u201eVerbesserung der Agrarstruktur und des K\u00fcstenschutzes (GAK)\u201c erhalten. \u201eDas OEK ist eine Handlungsempfehlung, im \u00fcbertragenen Sinne ein Fahrplan, f\u00fcr die Ortsentwicklung in den n\u00e4chsten 15 Jahren,\u201c sagte Frau Kotschner. \u201eWir beantworten damit die Frage: Wie muss Stapel sich aufstellen, damit die Zukunftssicherung gew\u00e4hrleistet bleibt.\u201c Aus einer Situationsanalyse wurden noch vorhandene Defizite und W\u00fcnsche f\u00fcr Verbesserungen aufgezeigt. Sechs Handlungsfelder wurden abgeleitet (blaue K\u00e4sten): In diesen Feldern werden Einzelma\u00dfnahmen als sogenannten Schl\u00fcsselprojekten konkretisiert. \u201eWir wollten eine langfristige Handlungsrichtlinie f\u00fcr Politik und Bev\u00f6lkerung,\u201c zieht B\u00fcrgermeister Rainer Rahn sein Fazit: \u201eJetzt m\u00fcssen wir nach und nach die empfohlenen Einzelma\u00dfnahmen nur noch gemeinsam umsetzen.\u201c Das touristische Angebot im Ortsteil S\u00fcderstapel und die vorhandenen Angebote zur Nahversorgung in beiden Ortsteilen sollen zumindest gehalten, nach M\u00f6glichkeit verbessert werden. Die M\u00f6glichkeiten f\u00fcr wirtschaftliche Aktivit\u00e4ten und das Zusammenwachsen der Ortsteile durch die Weiterentwicklung des schon vorhandenen Zentrums zwischen den Ortsteilen sollen gef\u00f6rdert werden. Alle wichtigen Schl\u00fcsselprojekte wurden mit einer Priorit\u00e4t versehen.<\/p>\n","protected":false},"author":2,"featured_media":0,"parent":0,"menu_order":0,"comment_status":"closed","ping_status":"closed","template":"","meta":{"footnotes":""},"class_list":["post-2262","page","type-page","status-publish","hentry"],"_links":{"self":[{"href":"https:\/\/www.gemeinde-stapel.de\/stapel\/wp-json\/wp\/v2\/pages\/2262","targetHints":{"allow":["GET"]}}],"collection":[{"href":"https:\/\/www.gemeinde-stapel.de\/stapel\/wp-json\/wp\/v2\/pages"}],"about":[{"href":"https:\/\/www.gemeinde-stapel.de\/stapel\/wp-json\/wp\/v2\/types\/page"}],"author":[{"embeddable":true,"href":"https:\/\/www.gemeinde-stapel.de\/stapel\/wp-json\/wp\/v2\/users\/2"}],"replies":[{"embeddable":true,"href":"https:\/\/www.gemeinde-stapel.de\/stapel\/wp-json\/wp\/v2\/comments?post=2262"}],"version-history":[{"count":10,"href":"https:\/\/www.gemeinde-stapel.de\/stapel\/wp-json\/wp\/v2\/pages\/2262\/revisions"}],"predecessor-version":[{"id":10345,"href":"https:\/\/www.gemeinde-stapel.de\/stapel\/wp-json\/wp\/v2\/pages\/2262\/revisions\/10345"}],"wp:attachment":[{"href":"https:\/\/www.gemeinde-stapel.de\/stapel\/wp-json\/wp\/v2\/media?parent=2262"}],"curies":[{"name":"wp","href":"https:\/\/api.w.org\/{rel}","templated":true}]}}