{"id":180,"date":"2018-09-14T12:20:59","date_gmt":"2018-09-14T10:20:59","guid":{"rendered":"https:\/\/www.gemeinde-stapel.de\/stapel\/?page_id=180"},"modified":"2025-09-13T16:47:09","modified_gmt":"2025-09-13T14:47:09","slug":"bootsanleger","status":"publish","type":"page","link":"https:\/\/www.gemeinde-stapel.de\/stapel\/bootsanleger\/","title":{"rendered":"Bootsanleger &#8211; Marina an der Eider"},"content":{"rendered":"<hr \/>\n<p><img decoding=\"async\" id=\"live-bild\" src=\"https:\/\/www.gemeinde-stapel.de\/stapel\/webcam\/webcameider\/webcamanlegerstapel.jpg\"\/><\/p>\n<hr \/>\n<p><a href=\"https:\/\/www.gemeinde-stapel.de\/stapel\/wp-content\/uploads\/2019\/09\/P1140162-aa.jpeg\" data-rel=\"lightbox-image-0\" data-rl_title=\"\" data-rl_caption=\"\" title=\"\"><img loading=\"lazy\" decoding=\"async\" class=\"alignright size-medium wp-image-2854\" src=\"https:\/\/www.gemeinde-stapel.de\/stapel\/wp-content\/uploads\/2019\/09\/P1140162-aa-300x200.jpeg\" alt=\"\" width=\"300\" height=\"200\" srcset=\"https:\/\/www.gemeinde-stapel.de\/stapel\/wp-content\/uploads\/2019\/09\/P1140162-aa-300x200.jpeg 300w, https:\/\/www.gemeinde-stapel.de\/stapel\/wp-content\/uploads\/2019\/09\/P1140162-aa-768x512.jpeg 768w, https:\/\/www.gemeinde-stapel.de\/stapel\/wp-content\/uploads\/2019\/09\/P1140162-aa.jpeg 1024w\" sizes=\"auto, (max-width: 300px) 100vw, 300px\" \/><\/a> S\u00fcderstapel, Ortsteil der Gemeinde Stapel, bietet zwei Bootsh\u00e4fen f\u00fcr Tourenyachten. Direkt daneben liegt einer der sch\u00f6nsten Naturbadestr\u00e4nde des Landes mit Sportanlagen nebst Angelm\u00f6glichkeiten und Kinderspielplatz. Moderne sanit\u00e4re Anlagen sind am Hafen und im Strandbereich vorhanden. Diesel in Kleinstmengen erh\u00e4lt man in unmittelbarer N\u00e4he. WLAN ist an der Steganlage vorhanden.<\/p>\n<p>Hafenmeister\/Havnefoged: Tel. 0173 6816239<\/p>\n<p><strong>Ansteuerung<\/strong><\/p>\n<p>Gem\u00e4chlich windet sich die Eider durch Wiesen und Felder, um dann nach einer der vielen Biegungen bei Flusskilometer 61 den Blick auf den Ortsteil S\u00fcderstapel in Stapel zu \u00f6ffnen.<\/p>\n<p><strong>Umgebung<\/strong><\/p>\n<p>Eine gute Grundversorgung mit Kaufmann, B\u00e4cker, Gastronomie, Apotheke und Geldautomat ist in Stapel gesichert. Ein Yachtservicebetrieb bietet alles rund um das Schiff. Der 1.800-Einwohner-Ort Stapel mit seinen Ortsteilen Norderstapel und S\u00fcderstapel ist ein idyllischer Ferienort. Er liegt malerisch mitten in der Eider-Treene-Sorge-Niederung und hat der Landschaft Stapelholm ihren Namen gegeben &#8211; ein Paradies f\u00fcr Angler, Wassersportler und Naturliebhaber. Das Ortsbild ist in seinen alten Dorfkernen von sch\u00f6nen Reetdachh\u00e4usern und bunten Blumeng\u00e4rten gepr\u00e4gt. Die in der Sanierung befindliche Kirche St. Katharinen aus dem 12. Jahrhundert mit ihrem stattlichen Kirchturm ist wasserseitig bereits aus gro\u00dfer Entfernung zu sehen. Eine Besonderheit der Landschaft Stapelholm sind die typischen Bauernglocken, die in beiden Ortsteilen zu finden sind. Mit ihnen wurde in fr\u00fcheren Zeiten fl\u00e4chendeckend Alarm bei Hochwasser, Feuersbr\u00fcnsten usw. gegeben.<\/p>\n<p><a href=\"https:\/\/www.gemeinde-stapel.de\/stapel\/wp-content\/uploads\/2018\/11\/Marina_oben_1.jpg\" data-rel=\"lightbox-image-1\" data-rl_title=\"\" data-rl_caption=\"\" title=\"\"><img loading=\"lazy\" decoding=\"async\" class=\"alignleft size-medium wp-image-1010\" src=\"https:\/\/www.gemeinde-stapel.de\/stapel\/wp-content\/uploads\/2018\/11\/Marina_oben_1-300x200.jpg\" alt=\"\" width=\"300\" height=\"200\" srcset=\"https:\/\/www.gemeinde-stapel.de\/stapel\/wp-content\/uploads\/2018\/11\/Marina_oben_1-300x200.jpg 300w, https:\/\/www.gemeinde-stapel.de\/stapel\/wp-content\/uploads\/2018\/11\/Marina_oben_1-768x512.jpg 768w, https:\/\/www.gemeinde-stapel.de\/stapel\/wp-content\/uploads\/2018\/11\/Marina_oben_1.jpg 1000w\" sizes=\"auto, (max-width: 300px) 100vw, 300px\" \/><\/a> Stapel bietet sowohl an der Eider als auch an der Treene Anlegestellen f\u00fcr Kanusportler. Ruhe suchende G\u00e4ste finden an beiden Flussl\u00e4ufen stille verwunschene Pl\u00e4tze. Radfahrern und Naturfreunden steht ein gut ausgebautes Wegenetz durch die urspr\u00fcngliche Landschaft Stapelholm mit ihren Feuchtwiesen, sanften H\u00f6henz\u00fcgen und einer einzigartigen Tier- und Pflanzenwelt zur Verf\u00fcgung.<\/p>\n","protected":false},"excerpt":{"rendered":"<p>S\u00fcderstapel, Ortsteil der Gemeinde Stapel, bietet zwei Bootsh\u00e4fen f\u00fcr Tourenyachten. Direkt daneben liegt einer der sch\u00f6nsten Naturbadestr\u00e4nde des Landes mit Sportanlagen nebst Angelm\u00f6glichkeiten und Kinderspielplatz. Moderne sanit\u00e4re Anlagen sind am Hafen und im Strandbereich vorhanden. Diesel in Kleinstmengen erh\u00e4lt man in unmittelbarer N\u00e4he. WLAN ist an der Steganlage vorhanden. Hafenmeister\/Havnefoged: Tel. 0173 6816239 Ansteuerung Gem\u00e4chlich windet sich die Eider durch Wiesen und Felder, um dann nach einer der vielen Biegungen bei Flusskilometer 61 den Blick auf den Ortsteil S\u00fcderstapel in Stapel zu \u00f6ffnen. Umgebung Eine gute Grundversorgung mit Kaufmann, B\u00e4cker, Gastronomie, Apotheke und Geldautomat ist in Stapel gesichert. Ein Yachtservicebetrieb bietet alles rund um das Schiff. Der 1.800-Einwohner-Ort Stapel mit seinen Ortsteilen Norderstapel und S\u00fcderstapel ist ein idyllischer Ferienort. Er liegt malerisch mitten in der Eider-Treene-Sorge-Niederung und hat der Landschaft Stapelholm ihren Namen gegeben &#8211; ein Paradies f\u00fcr Angler, Wassersportler und Naturliebhaber. Das Ortsbild ist in seinen alten Dorfkernen von sch\u00f6nen Reetdachh\u00e4usern und bunten Blumeng\u00e4rten gepr\u00e4gt. Die in der Sanierung befindliche Kirche St. Katharinen aus dem 12. Jahrhundert mit ihrem stattlichen Kirchturm ist wasserseitig bereits aus gro\u00dfer Entfernung zu sehen. Eine Besonderheit der Landschaft Stapelholm sind die typischen Bauernglocken, die in beiden Ortsteilen zu finden sind. Mit ihnen wurde in fr\u00fcheren Zeiten fl\u00e4chendeckend Alarm bei Hochwasser, Feuersbr\u00fcnsten usw. gegeben. Stapel bietet sowohl an der Eider als auch an der Treene Anlegestellen f\u00fcr Kanusportler. Ruhe suchende G\u00e4ste finden an beiden Flussl\u00e4ufen stille verwunschene Pl\u00e4tze. Radfahrern und Naturfreunden steht ein gut ausgebautes Wegenetz durch die urspr\u00fcngliche Landschaft Stapelholm mit ihren Feuchtwiesen, sanften H\u00f6henz\u00fcgen und einer einzigartigen Tier- und Pflanzenwelt zur Verf\u00fcgung.<\/p>\n","protected":false},"author":1,"featured_media":0,"parent":0,"menu_order":0,"comment_status":"closed","ping_status":"closed","template":"","meta":{"footnotes":""},"class_list":["post-180","page","type-page","status-publish","hentry"],"_links":{"self":[{"href":"https:\/\/www.gemeinde-stapel.de\/stapel\/wp-json\/wp\/v2\/pages\/180","targetHints":{"allow":["GET"]}}],"collection":[{"href":"https:\/\/www.gemeinde-stapel.de\/stapel\/wp-json\/wp\/v2\/pages"}],"about":[{"href":"https:\/\/www.gemeinde-stapel.de\/stapel\/wp-json\/wp\/v2\/types\/page"}],"author":[{"embeddable":true,"href":"https:\/\/www.gemeinde-stapel.de\/stapel\/wp-json\/wp\/v2\/users\/1"}],"replies":[{"embeddable":true,"href":"https:\/\/www.gemeinde-stapel.de\/stapel\/wp-json\/wp\/v2\/comments?post=180"}],"version-history":[{"count":10,"href":"https:\/\/www.gemeinde-stapel.de\/stapel\/wp-json\/wp\/v2\/pages\/180\/revisions"}],"predecessor-version":[{"id":9374,"href":"https:\/\/www.gemeinde-stapel.de\/stapel\/wp-json\/wp\/v2\/pages\/180\/revisions\/9374"}],"wp:attachment":[{"href":"https:\/\/www.gemeinde-stapel.de\/stapel\/wp-json\/wp\/v2\/media?parent=180"}],"curies":[{"name":"wp","href":"https:\/\/api.w.org\/{rel}","templated":true}]}}