{"id":154,"date":"2018-09-14T11:49:50","date_gmt":"2018-09-14T09:49:50","guid":{"rendered":"https:\/\/www.gemeinde-stapel.de\/stapel\/?page_id=154"},"modified":"2026-01-07T12:25:58","modified_gmt":"2026-01-07T11:25:58","slug":"gebuehren-satzungen","status":"publish","type":"page","link":"https:\/\/www.gemeinde-stapel.de\/stapel\/gebuehren-satzungen\/","title":{"rendered":"Geb\u00fchren &#038; Satzungen"},"content":{"rendered":"<hr \/>\n<p>\n<strong>Haushalt<\/strong><br \/>\n<a href=\"https:\/\/www.gemeinde-stapel.de\/stapel\/wp-content\/uploads\/2024\/03\/Haushaltssatzung-Stapel-2024.pdf\" target=\"_blank\" rel=\"noopener noreferrer\">Haushaltssatzung Stapel 2024<\/a><\/p>\n<hr \/>\n<p><strong>Seniorenbeirat<\/strong><br \/>\n<a href=\"https:\/\/www.gemeinde-stapel.de\/stapel\/wp-content\/uploads\/2024\/05\/Satzung-ueber-die-Bildung-eines-Seniorenbeirats-in-der-Gemeinde.pdf\" target=\"_blank\" rel=\"noopener noreferrer\">Satzung \u00fcber die Bildung eines Seniorenbeirats in der Gemeinde<\/a><\/p>\n<hr \/>\n<p><strong>Trinkwasser<\/strong><\/p>\n<p>Ortsteil Norderstapel:<br \/>\nSatzung, Wasseranalyse, Geb\u00fchren: \u00a0 Wasserverband Treene, <a href=\"https:\/\/www.wv-treene.de\" target=\"_blank\" rel=\"noopener noreferrer\">www.wv-treene.de<\/a><\/p>\n<p>Ortsteil S\u00fcderstapel:<br \/>\nWasserleitungsgenossenschaft e.G. Stapel, Tel. 04883 539<br \/>\n<a href=\"https:\/\/www.gemeinde-stapel.de\/stapel\/wp-content\/uploads\/2020\/03\/Satzung-der-WLGs.pdf\" target=\"_blank\" rel=\"noopener noreferrer\">Satzung der WLGS<\/a><br \/>\n<a href=\"https:\/\/www.gemeinde-stapel.de\/stapel\/wp-content\/uploads\/2025\/06\/WASSERBEZUGS-UND-ANSCHLUSSORDNUNG-WLG-STAPEL.pdf\" target=\"_blank\" rel=\"noopener noreferrer\">Wasserbezugs- und Anschlussordnung WLGS<\/a><br \/>\n<a href=\"https:\/\/www.gemeinde-stapel.de\/stapel\/wp-content\/uploads\/2025\/06\/WLGS-Preisblatt-2025.pdf\" target=\"_blank\" rel=\"noopener noreferrer\">Preisblatt der WLGS vom 1. Juli 2025<\/a><br \/>\n<a href=\"https:\/\/www.gemeinde-stapel.de\/stapel\/wp-content\/uploads\/2023\/09\/Reinwasseranalyse-05.09.2023.pdf\" target=\"_blank\" rel=\"noopener noreferrer\">Reinwasseranalyse vom 5. September 2023<\/a><\/p>\n<hr \/>\n<p><strong>Abwasser<\/strong><br \/>\nAbwasserbeseitigungsgeb\u00fchren: 2,38 \u20ac pro cbm<br \/>\n<a href=\"https:\/\/www.gemeinde-stapel.de\/stapel\/wp-content\/uploads\/2026\/01\/Satzung-der-Gemeinde-Stapel-ueber-die-Erhebung-von-Gebuehren-fuer-die-zentrale-Schmutzwasserbeseitigung-Gebuehrensatzung.pdf\" target=\"_blank\" rel=\"noopener noreferrer\">Satzung u\u0308ber die Erhebung von Gebu\u0308hren fu\u0308r die dezentrale Schmutzwasserbeseitigung 2026<\/a><\/p>\n<hr \/>\n<p><strong>Grundsteuer<\/strong><br \/>\nf\u00fcr land- und forstwirtschaftliche Betriebe (Grundsteuer A) 284 v.H.<br \/>\nf\u00fcr Grundst\u00fccke (Grundsteuer B) 524 v.H.<\/p>\n<hr \/>\n<p><strong>Erschlie\u00dfungsbeitragssatzung<\/strong><br \/>\n<a href=\"https:\/\/www.gemeinde-stapel.de\/stapel\/wp-content\/uploads\/2023\/03\/Erschliessungsbeitragssatzung-vom-16.03.2023.pdf\" target=\"_blank\" rel=\"noopener noreferrer\">Erschlie\u00dfungsbeitragssatzung Stapel 2023<\/a><\/p>\n<hr \/>\n<p><strong>Gewerbesteuer<\/strong><br \/>\nGewerbesteuer 400 v.H.<\/p>\n<hr \/>\n<p><strong>Zweitwohnungssteuer<\/strong><br \/>\n<!--  Der Steuersatz betr\u00e4gt 10 v.H.<br \/> --><br \/>\n<a href=\"https:\/\/www.gemeinde-stapel.de\/stapel\/wp-content\/uploads\/2026\/01\/Satzung-ueber-die-Erhebung-einer-Zweitwohnungssteuer-in-der-Gemeinde-Stapel-zum-01.01.2026.pdf\" target=\"_blank\" rel=\"noopener noreferrer\">Zweitwohnungssteuersatzung Stapel 2026<\/a><\/p>\n<hr \/>\n<p><strong>Hundesteuer<\/strong><br \/>\nf\u00fcr den 1. Hund 90,00 \u20ac<br \/>\nf\u00fcr den 2. Hund 120,00 \u20ac<br \/>\nf\u00fcr jeden weiteren Hund 140,00 \u20ac<br \/>\n<a href=\"https:\/\/www.gemeinde-stapel.de\/stapel\/wp-content\/uploads\/2026\/01\/Satzung-der-Gemeinde-Stapel-ueber-die-Erhebung-einer-Hundesteuer-zum-01.01.2026.pdf\" target=\"_blank\" rel=\"noopener noreferrer\">Hundesteuersatzung Stapel 2026<\/a><\/p>\n<hr \/>\n<p><strong>Vergn\u00fcgungssteuer<\/strong><br \/>\n12 v.H.<br \/>\n60,00 \/ 25,00 \/ 25 v.H.<\/p>\n<hr \/>\n<p id=\"deponie\"><strong>Geb\u00fchren f\u00fcr die Nutzung der Gr\u00fcnabfalldeponien<\/strong> (Betrag bitte m\u00f6glichst passend mitbringen.)<br \/>\n2 \u20ac f\u00fcr einen Sack mit Gr\u00fcnabf\u00e4llen<br \/>\n5 \u20ac f\u00fcr einen kleinen Anh\u00e4nger oder einen Pkw-Kofferraum<br \/>\n10 \u20ac f\u00fcr einen PKW-Anh\u00e4nger, gro\u00df ca. bis 2 to<br \/>\n15 \u20ac f\u00fcr einen LKW und ldw. Anh\u00e4nger und PKW-Anh\u00e4nger ab 2 to<\/p>\n<hr \/>\n<p><strong>Stra\u00dfenreinigung<\/strong><br \/>\n<a href=\"https:\/\/www.gemeinde-stapel.de\/stapel\/wp-content\/uploads\/2020\/06\/Strassenreinigungssatzung-Stapel-2019.pdf\" target=\"_blank\" rel=\"noopener noreferrer\">Stra\u00dfenreinigungssatzung Stapel 2019<\/a><\/p>\n<hr \/>\n<p><strong>Nutzung von Gemeinder\u00e4umen<\/strong><br \/>\n<a href=\"https:\/\/www.gemeinde-stapel.de\/stapel\/wp-content\/uploads\/2025\/10\/Satzung-ueber-die-Nutzung-des-Buergerhauses-der-Gemeinde-Stapel-18.09.2025.pdf\" target=\"_blank\" rel=\"noopener noreferrer\">Bu\u0308rgerhaussatzung und Geb\u00fchrenordnung vom 18.09.2025<\/a><\/p>\n","protected":false},"excerpt":{"rendered":"<p>Haushalt Haushaltssatzung Stapel 2024 Seniorenbeirat Satzung \u00fcber die Bildung eines Seniorenbeirats in der Gemeinde Trinkwasser Ortsteil Norderstapel: Satzung, Wasseranalyse, Geb\u00fchren: \u00a0 Wasserverband Treene, www.wv-treene.de Ortsteil S\u00fcderstapel: Wasserleitungsgenossenschaft e.G. Stapel, Tel. 04883 539 Satzung der WLGS Wasserbezugs- und Anschlussordnung WLGS Preisblatt der WLGS vom 1. Juli 2025 Reinwasseranalyse vom 5. September 2023 Abwasser Abwasserbeseitigungsgeb\u00fchren: 2,38 \u20ac pro cbm Satzung u\u0308ber die Erhebung von Gebu\u0308hren fu\u0308r die dezentrale Schmutzwasserbeseitigung 2026 Grundsteuer f\u00fcr land- und forstwirtschaftliche Betriebe (Grundsteuer A) 284 v.H. f\u00fcr Grundst\u00fccke (Grundsteuer B) 524 v.H. Erschlie\u00dfungsbeitragssatzung Erschlie\u00dfungsbeitragssatzung Stapel 2023 Gewerbesteuer Gewerbesteuer 400 v.H. Zweitwohnungssteuer Zweitwohnungssteuersatzung Stapel 2026 Hundesteuer f\u00fcr den 1. Hund 90,00 \u20ac f\u00fcr den 2. Hund 120,00 \u20ac f\u00fcr jeden weiteren Hund 140,00 \u20ac Hundesteuersatzung Stapel 2026 Vergn\u00fcgungssteuer 12 v.H. 60,00 \/ 25,00 \/ 25 v.H. Geb\u00fchren f\u00fcr die Nutzung der Gr\u00fcnabfalldeponien (Betrag bitte m\u00f6glichst passend mitbringen.) 2 \u20ac f\u00fcr einen Sack mit Gr\u00fcnabf\u00e4llen 5 \u20ac f\u00fcr einen kleinen Anh\u00e4nger oder einen Pkw-Kofferraum 10 \u20ac f\u00fcr einen PKW-Anh\u00e4nger, gro\u00df ca. bis 2 to 15 \u20ac f\u00fcr einen LKW und ldw. Anh\u00e4nger und PKW-Anh\u00e4nger ab 2 to Stra\u00dfenreinigung Stra\u00dfenreinigungssatzung Stapel 2019 Nutzung von Gemeinder\u00e4umen Bu\u0308rgerhaussatzung und Geb\u00fchrenordnung vom 18.09.2025<\/p>\n","protected":false},"author":1,"featured_media":0,"parent":0,"menu_order":0,"comment_status":"closed","ping_status":"closed","template":"","meta":{"footnotes":""},"class_list":["post-154","page","type-page","status-publish","hentry"],"_links":{"self":[{"href":"https:\/\/www.gemeinde-stapel.de\/stapel\/wp-json\/wp\/v2\/pages\/154","targetHints":{"allow":["GET"]}}],"collection":[{"href":"https:\/\/www.gemeinde-stapel.de\/stapel\/wp-json\/wp\/v2\/pages"}],"about":[{"href":"https:\/\/www.gemeinde-stapel.de\/stapel\/wp-json\/wp\/v2\/types\/page"}],"author":[{"embeddable":true,"href":"https:\/\/www.gemeinde-stapel.de\/stapel\/wp-json\/wp\/v2\/users\/1"}],"replies":[{"embeddable":true,"href":"https:\/\/www.gemeinde-stapel.de\/stapel\/wp-json\/wp\/v2\/comments?post=154"}],"version-history":[{"count":11,"href":"https:\/\/www.gemeinde-stapel.de\/stapel\/wp-json\/wp\/v2\/pages\/154\/revisions"}],"predecessor-version":[{"id":9780,"href":"https:\/\/www.gemeinde-stapel.de\/stapel\/wp-json\/wp\/v2\/pages\/154\/revisions\/9780"}],"wp:attachment":[{"href":"https:\/\/www.gemeinde-stapel.de\/stapel\/wp-json\/wp\/v2\/media?parent=154"}],"curies":[{"name":"wp","href":"https:\/\/api.w.org\/{rel}","templated":true}]}}