{"id":15,"date":"2018-09-12T15:22:30","date_gmt":"2018-09-12T13:22:30","guid":{"rendered":"https:\/\/www.gemeinde-stapel.de\/stapel\/?page_id=15"},"modified":"2026-01-08T12:53:45","modified_gmt":"2026-01-08T11:53:45","slug":"vereine-und-organisationen","status":"publish","type":"page","link":"https:\/\/www.gemeinde-stapel.de\/stapel\/vereine-und-organisationen\/","title":{"rendered":"Organisationen &#038; Vereine"},"content":{"rendered":"<hr \/>\n<p>Sollten Sie Fehler entdecken, so senden Sie bitte die richtige Angabe an: <a href=\"mailto:korrekturen@gemeinde-stapel.de?subject=Korrektur%20auf%20der%20Organisationen%20und%20Vereineseite\">korrekturen@gemeinde-stapel.de<\/a><\/p>\n<hr \/>\n<h3>Parteien<\/h3>\n<hr \/>\n<p><strong>AfS<\/strong> &#8211; Aktiv f\u00fcr Stapel<br \/>\n1. Vorsitzender: Hans-Johann Dierks<br \/>\nM\u00fchlenstra\u00dfe 20<br \/>\n25879 Stapel<br \/>\nTel. 04883 353<\/p>\n<hr \/>\n<p><strong>CDU<\/strong> &#8211; Christlich Demokratische Union<br \/>\n1. Vorsitzender: Rolf J\u00f6ns<br \/>\nM\u00fchlenweg 2<br \/>\n25879 Stapel<br \/>\nTel. 04883 1263<\/p>\n<hr \/>\n<p><strong><img loading=\"lazy\" decoding=\"async\" class=\"alignright wp-image-1276\" src=\"https:\/\/www.gemeinde-stapel.de\/stapel\/wp-content\/uploads\/2018\/12\/SPD-Logo.jpg\" alt=\"\" width=\"114\" height=\"114\" srcset=\"https:\/\/www.gemeinde-stapel.de\/stapel\/wp-content\/uploads\/2018\/12\/SPD-Logo.jpg 225w, https:\/\/www.gemeinde-stapel.de\/stapel\/wp-content\/uploads\/2018\/12\/SPD-Logo-150x150.jpg 150w, https:\/\/www.gemeinde-stapel.de\/stapel\/wp-content\/uploads\/2018\/12\/SPD-Logo-75x75.jpg 75w\" sizes=\"auto, (max-width: 114px) 100vw, 114px\" \/>SPD<\/strong> &#8211; Sozialdemokratische Partei Deutschlands<br \/>\n1. Vorsitzender: Markus Zimmer<br \/>\nRaiffeisenstra\u00dfe 38<br \/>\n25879 Stapel<br \/>\nTel. 04883 905570<\/p>\n<hr \/>\n<p><strong><img loading=\"lazy\" decoding=\"async\" class=\"alignright size-full wp-image-1160\" src=\"https:\/\/www.gemeinde-stapel.de\/stapel\/wp-content\/uploads\/2018\/12\/WGS-Logo.jpg\" alt=\"\" width=\"170\" height=\"105\" \/>WGS<\/strong> &#8211; W\u00e4hlergemeinschaft Stapel<br \/>\n1. Vorsitzender: J\u00f6rg Lundelius<br \/>\nAm Wollenberg 11<br \/>\n25879 Stapel<br \/>\nTel. 04883 687<\/p>\n<hr \/>\n<h3>Vereine &amp; Verb\u00e4nde<\/h3>\n<hr \/>\n<p><img loading=\"lazy\" decoding=\"async\" class=\"alignright wp-image-1170\" src=\"https:\/\/www.gemeinde-stapel.de\/stapel\/wp-content\/uploads\/2018\/12\/Angel-Stapel-160.jpg\" alt=\"\" width=\"133\" height=\"145\" \/>Angelverein \u201eStapel\u201c e.V.<br \/>\nKlaus Rahn<br \/>\nAm Streng 9<br \/>\n25879 Stapel<br \/>\nTel. 0151 55244772<br \/>\n<a href=\"http:\/\/www.av-stapel.de\" target=\"_blank\" rel=\"noopener noreferrer\">www.av-stapel.de<\/a><\/p>\n<hr \/>\n<p>Bezirksbauernverband Norderstapel<br \/>\nStefan Hollmer<br \/>\nKleine Stra\u00dfe 2<br \/>\n25879 Stapel<br \/>\nTel. 04883 224<br \/>\n<a href=\"http:\/\/www.bauernverbandsh.de\" target=\"_blank\" rel=\"noopener noreferrer\">www.bauernverbandsh.de<\/a><\/p>\n<hr \/>\n<p><img loading=\"lazy\" decoding=\"async\" class=\"alignright size-full wp-image-880\" src=\"https:\/\/www.gemeinde-stapel.de\/stapel\/wp-content\/uploads\/2018\/11\/drk.png\" alt=\"\" width=\"120\" height=\"120\" srcset=\"https:\/\/www.gemeinde-stapel.de\/stapel\/wp-content\/uploads\/2018\/11\/drk.png 120w, https:\/\/www.gemeinde-stapel.de\/stapel\/wp-content\/uploads\/2018\/11\/drk-75x75.png 75w\" sizes=\"auto, (max-width: 120px) 100vw, 120px\" \/>DRK-Stapel (ehem. OV Norderstapel)<br \/>\nElisabeth Gr\u00f6hn<br \/>\nHauptstra\u00dfe 51<br \/>\n25879 Stapel<br \/>\nTel. 04883 807<\/p>\n<hr \/>\n<p><img loading=\"lazy\" decoding=\"async\" class=\"alignright  wp-image-3231\" src=\"https:\/\/www.gemeinde-stapel.de\/stapel\/wp-content\/uploads\/2020\/05\/Logo-DRK-Suederstapel.jpg\" alt=\"\" width=\"126\" height=\"124\" \/>Deutsches Rotes Kreuz, Ortsgruppe S\u00fcderstapel<br \/>\nSigrid Leonie Peters<br \/>\nScheibenweg 9<br \/>\n25879 Stapel<br \/>\nTel. 04883 9054680<\/p>\n<hr \/>\n<p>Fischereigenossenschaft Mitteleider<img loading=\"lazy\" decoding=\"async\" class=\"alignright size-full wp-image-8162\" src=\"https:\/\/www.gemeinde-stapel.de\/stapel\/wp-content\/uploads\/2024\/05\/086DE580-9F16-4418-AD31-778627CC05F4_4_5005_c-e1715922424979.jpeg\" alt=\"\" width=\"250\" height=\"80\" \/>\u00a0Ingo Endler (Angelschein-Ausgabestelle Stapel)<br \/>\nPumpkoppel 7<br \/>\n25879 Stapel<br \/>\nTel. 04883 338<br \/>\n<a href=\"https:\/\/fischerei-mitteleider.de\/ort\/stapel\/\" target=\"_blank\" rel=\"noopener noreferrer\">www.fischerei-mitteleider.de<\/a><\/p>\n<hr \/>\n<p><img loading=\"lazy\" decoding=\"async\" class=\"alignright size-full wp-image-7798\" src=\"https:\/\/www.gemeinde-stapel.de\/stapel\/wp-content\/uploads\/2024\/02\/Logo-in-Farbe.jpg\" alt=\"\" width=\"133\" height=\"180\" \/><br \/>\nF\u00f6rderverein Grundschule Stapel e.V.<br \/>\nKarina Schwarz (1. Vorsitzende)<br \/>\nRaiffeisenstr. 1<br \/>\n25879 Stapel<br \/>\nTel. 04883 905634<br \/>\n<a href=\"https:\/\/www.schule-erfde.de\/startseite\/f\u00f6rdervereine\/\" target=\"_blank\" rel=\"noopener noreferrer\">www.schule-erfde.de\/startseite\/f\u00f6rdervereine\/<\/a><\/p>\n<p><!--\n\n\n<hr \/>\n\n\n\n\n<p><img loading=\"lazy\" decoding=\"async\" class=\"alignright wp-image-1173 \" src=\"https:\/\/www.gemeinde-stapel.de\/stapel\/wp-content\/uploads\/2018\/12\/fls_logo.jpg\" alt=\"\" width=\"469\" height=\"58\" srcset=\"https:\/\/www.gemeinde-stapel.de\/stapel\/wp-content\/uploads\/2018\/12\/fls_logo.jpg 842w, https:\/\/www.gemeinde-stapel.de\/stapel\/wp-content\/uploads\/2018\/12\/fls_logo-300x37.jpg 300w, https:\/\/www.gemeinde-stapel.de\/stapel\/wp-content\/uploads\/2018\/12\/fls_logo-768x95.jpg 768w\" sizes=\"auto, (max-width: 469px) 100vw, 469px\" \/>F\u00f6rderverein Kirche Stapel e.V.<br \/>\nSusanne Hamann (1. Vorsitzende)\n\n\n25879 Stapel<br \/>\n<a href=\"http:\/\/www.foerderverein-kirche-stapel.de target=\"_blank\" rel=\"noopener noreferrer\">www.foerderverein-kirche-stapel.de<\/a><\/p>\n\n\n--><\/p>\n<hr \/>\n<p><img loading=\"lazy\" decoding=\"async\" class=\"alignright wp-image-1173 \" src=\"https:\/\/www.gemeinde-stapel.de\/stapel\/wp-content\/uploads\/2018\/12\/fls_logo.jpg\" alt=\"\" width=\"469\" height=\"58\" srcset=\"https:\/\/www.gemeinde-stapel.de\/stapel\/wp-content\/uploads\/2018\/12\/fls_logo.jpg 842w, https:\/\/www.gemeinde-stapel.de\/stapel\/wp-content\/uploads\/2018\/12\/fls_logo-300x37.jpg 300w, https:\/\/www.gemeinde-stapel.de\/stapel\/wp-content\/uploads\/2018\/12\/fls_logo-768x95.jpg 768w\" sizes=\"auto, (max-width: 469px) 100vw, 469px\" \/>F\u00f6rderverein Landschaft Stapelholm e.V.<br \/>\nBahnhofstra\u00dfe 29<br \/>\n25879 Stapel<br \/>\n<a href=\"http:\/\/www.landschaft-stapelholm.de\" target=\"_blank\" rel=\"noopener noreferrer\">www.landschaft-stapelholm.de<\/a><\/p>\n<hr \/>\n<p><img loading=\"lazy\" decoding=\"async\" class=\"alignright wp-image-1192\" src=\"https:\/\/www.gemeinde-stapel.de\/stapel\/wp-content\/uploads\/2018\/12\/Feuerwehr.jpg\" alt=\"\" width=\"145\" height=\"145\" srcset=\"https:\/\/www.gemeinde-stapel.de\/stapel\/wp-content\/uploads\/2018\/12\/Feuerwehr.jpg 160w, https:\/\/www.gemeinde-stapel.de\/stapel\/wp-content\/uploads\/2018\/12\/Feuerwehr-150x150.jpg 150w, https:\/\/www.gemeinde-stapel.de\/stapel\/wp-content\/uploads\/2018\/12\/Feuerwehr-75x75.jpg 75w\" sizes=\"auto, (max-width: 145px) 100vw, 145px\" \/>Freiwillige Feuerwehr Stapel<br \/>\nMichael Krzewinsky (Gemeindewehrf\u00fchrer)<br \/>\nAm Wollenberg 2<br \/>\n25879 Stapel<br \/>\nTel. 0173 \u00a02456589<br \/>\n<a href=\"mailto:feuerwehr.stapel@amt-ks.de\">feuerwehr.stapel@amt-ks.de<\/a><\/p>\n<hr \/>\n<p><img loading=\"lazy\" decoding=\"async\" class=\"alignright wp-image-1174\" src=\"https:\/\/www.gemeinde-stapel.de\/stapel\/wp-content\/uploads\/2018\/12\/HGV-Logo.jpg\" alt=\"\" width=\"150\" height=\"145\" \/>Handels- und Gewerbeverein (HGV Verbund Stapelholm e.V.)<br \/>\nHeino Raddatz (1. Vorsitzender)<br \/>\n25879 Stapel<br \/>\nTel. 01577 290 10 65<br \/>\n<a href=\"http:\/\/www.hgv-verbund-stapelholm.de\" target=\"_blank\" rel=\"noopener noreferrer\">www.hgv-verbund-stapelholm.de<\/a>\u00a0<\/p>\n<hr \/>\n<p><img loading=\"lazy\" decoding=\"async\" class=\"alignright size-full wp-image-877\" src=\"https:\/\/www.gemeinde-stapel.de\/stapel\/wp-content\/uploads\/2018\/11\/jgn.png\" alt=\"\" width=\"122\" height=\"120\" srcset=\"https:\/\/www.gemeinde-stapel.de\/stapel\/wp-content\/uploads\/2018\/11\/jgn.png 122w, https:\/\/www.gemeinde-stapel.de\/stapel\/wp-content\/uploads\/2018\/11\/jgn-75x75.png 75w\" sizes=\"auto, (max-width: 122px) 100vw, 122px\" \/>Jagdgemeinschaft Norderstapel<br \/>\nTore Staack (1. Vorsitzender\/Jagdleiter)<br \/>\n25879 Stapel<br \/>\n\u00a0<br \/>\n\u00a0<\/p>\n<hr \/>\n<p>Jagdgemeinschaft S\u00fcderstapel<br \/>\nHans-Johann Dierks<br \/>\nM\u00fchlenstra\u00dfe 20<br \/>\n25879 Stapel<br \/>\nTel. 04883 353<\/p>\n<hr \/>\n<p>Jagdgenossenschaft Norderstapel<br \/>\nHartmut B\u00f6rm<br \/>\nTreenestra\u00dfe 7<br \/>\n25879 Stapel<br \/>\nTel. 04883 363<\/p>\n<hr \/>\n<p><img loading=\"lazy\" decoding=\"async\" class=\"alignright wp-image-1192\" src=\"https:\/\/www.gemeinde-stapel.de\/stapel\/wp-content\/uploads\/2018\/12\/Feuerwehr.jpg\" alt=\"\" width=\"122\" height=\"122\" srcset=\"https:\/\/www.gemeinde-stapel.de\/stapel\/wp-content\/uploads\/2018\/12\/Feuerwehr.jpg 160w, https:\/\/www.gemeinde-stapel.de\/stapel\/wp-content\/uploads\/2018\/12\/Feuerwehr-150x150.jpg 150w, https:\/\/www.gemeinde-stapel.de\/stapel\/wp-content\/uploads\/2018\/12\/Feuerwehr-75x75.jpg 75w\" sizes=\"auto, (max-width: 122px) 100vw, 122px\" \/>Jugendfeuerwehr<br \/>\nVolker Struve<br \/>\nWesterstra\u00dfe 8<br \/>\n25879 Stapel<br \/>\nTel. 0176 63379693<\/p>\n<hr \/>\n<p><img loading=\"lazy\" decoding=\"async\" class=\"alignright wp-image-3882\" src=\"https:\/\/www.gemeinde-stapel.de\/stapel\/wp-content\/uploads\/2020\/05\/Logo_KiS-300x169.jpg\" alt=\"\" width=\"222\" height=\"125\" srcset=\"https:\/\/www.gemeinde-stapel.de\/stapel\/wp-content\/uploads\/2020\/05\/Logo_KiS-300x169.jpg 300w, https:\/\/www.gemeinde-stapel.de\/stapel\/wp-content\/uploads\/2020\/05\/Logo_KiS.jpg 500w\" sizes=\"auto, (max-width: 222px) 100vw, 222px\" \/>Ev.-Luth. Kirchengemeinde Stapelholm<br \/>\nKirchenb\u00fcro<br \/>\nBahnhofstra\u00dfe 29<br \/>\n25879 Stapel<br \/>\nTel. 04883 905724<br \/>\n<a href=\"http:\/\/www.kirche-in-stapelholm.de\" target=\"_blank\" rel=\"noopener noreferrer\">www.kirche-in-stapelholm.de<\/a><\/p>\n<hr \/>\n<p><img loading=\"lazy\" decoding=\"async\" class=\"alignright wp-image-5122\" src=\"https:\/\/www.gemeinde-stapel.de\/stapel\/wp-content\/uploads\/2021\/11\/rade_logo-300x156.jpg\" alt=\"\" width=\"205\" height=\"107\" srcset=\"https:\/\/www.gemeinde-stapel.de\/stapel\/wp-content\/uploads\/2021\/11\/rade_logo-300x156.jpg 300w, https:\/\/www.gemeinde-stapel.de\/stapel\/wp-content\/uploads\/2021\/11\/rade_logo.jpg 600w\" sizes=\"auto, (max-width: 205px) 100vw, 205px\" \/><img loading=\"lazy\" decoding=\"async\" class=\"alignright size-full wp-image-5121\" src=\"https:\/\/www.gemeinde-stapel.de\/stapel\/wp-content\/uploads\/2021\/11\/KuKuS.png\" alt=\"\" width=\"191\" height=\"35\" \/>Kunst &amp; Kultur f\u00fcr Stapel e.V.<br \/>\nHans-Peter Schl\u00fcter<br \/>\nSteenacker 1<br \/>\n25879 Stapel<br \/>\nTel. 0172 4503139<br \/>\n<a href=\"mailto:rock-an-der-eider@gmx.de\">rock-an-der-eider@gmx.de<\/a><\/p>\n<hr \/>\n<p><img loading=\"lazy\" decoding=\"async\" class=\"alignright size-full wp-image-1220\" src=\"https:\/\/www.gemeinde-stapel.de\/stapel\/wp-content\/uploads\/2018\/12\/image.png\" alt=\"\" width=\"208\" height=\"94\" \/>LandFrauenVerein Stapelholm e.V.<br \/>\nSandra Retzlaff<br \/>\nMarktstra\u00dfe 11<br \/>\n25879 Stapel<br \/>\nTel. 04883 273<br \/>\n<a href=\"http:\/\/www.landfrauenverein-stapelholm.de\" target=\"_blank\" rel=\"noopener noreferrer\">www.landfrauenverein-stapelholm.de<\/a><\/p>\n<hr \/>\n<p>MC Stapelholm 1983 e.V.<br \/>\nHans-J\u00fcrgen Viergutz<br \/>\nAn der Aue 44<br \/>\n25813 Husum<br \/>\n<a href=\"mailto:hans-juergen.viergutz@t-online.de\">hans-juergen.viergutz@t-online.de<\/a><\/p>\n<hr \/>\n<p><img loading=\"lazy\" decoding=\"async\" class=\"alignright wp-image-1176\" src=\"https:\/\/www.gemeinde-stapel.de\/stapel\/wp-content\/uploads\/2018\/12\/Musikzug_Stapel.jpg\" alt=\"\" width=\"115\" height=\"145\" \/>Musikzug Stapel<br \/>\nThies Thomsen<br \/>\nM\u00fchlenstra\u00dfe 25<br \/>\n25879 Stapel<br \/>\nTel. 04883 421<br \/>\n<a href=\"http:\/\/www.das-orchester.jimdo.com\" target=\"_blank\" rel=\"noopener noreferrer\">www.das-orchester.jimdo.com<\/a><\/p>\n<hr \/>\n<p><img loading=\"lazy\" decoding=\"async\" class=\"wp-image-3233 alignright\" src=\"https:\/\/www.gemeinde-stapel.de\/stapel\/wp-content\/uploads\/2020\/05\/NSV-Suederstapel.jpg\" alt=\"\" width=\"150\" height=\"149\" \/>Natur- und Landschaftsschutzverein S\u00fcderstapel e.V.<br \/>\nHans-Gerhard Dierks<br \/>\nGro\u00df-Steeder-Weg 16<br \/>\n25879 Stapel<br \/>\nTel. 04883 512<br \/>\n<a href=\"http:\/\/naturschutz.landschaft-stapelholm.de\" target=\"_blank\" rel=\"noopener noreferrer\">naturschutz.landschaft-stapelholm.de<\/a><\/p>\n<hr \/>\n<p><img loading=\"lazy\" decoding=\"async\" class=\"alignright wp-image-6469\" src=\"https:\/\/www.gemeinde-stapel.de\/stapel\/wp-content\/uploads\/2023\/02\/Ohlsenhaus-farbig-200px.jpg\" alt=\"\" width=\"100\" height=\"152\" \/>Ohlsenhaus Stapel e.V.<br \/>\nHanno Hart (Vorsitzender)<br \/>\nKleine Stra\u00dfe 16<br \/>\n25879 Stapel<br \/>\n<a href=\"https:\/\/lebendiges-ohlsenhaus.de\/\" target=\"_blank\" rel=\"noopener noreferrer\">ohlsenhaus.de<\/a><br \/>\n\u00a0<\/p>\n<hr \/>\n<p><img loading=\"lazy\" decoding=\"async\" class=\"alignright size-full wp-image-1196\" src=\"https:\/\/www.gemeinde-stapel.de\/stapel\/wp-content\/uploads\/2018\/12\/LogoPapGilde.jpg\" alt=\"\" width=\"160\" height=\"121\" \/>Papagoyengilde von 1588<br \/>\n\u00c4lterman Volker Langholz<br \/>\nWesterende 1<br \/>\n24817 Tetenhusen<br \/>\nTel. 04624 803225<\/p>\n<hr \/>\n<p><img loading=\"lazy\" decoding=\"async\" class=\"alignright wp-image-1197\" src=\"https:\/\/www.gemeinde-stapel.de\/stapel\/wp-content\/uploads\/2018\/12\/Ringreiterverein.jpg\" alt=\"\" width=\"105\" height=\"109\" \/>Ringreiterverein \u201eConcordia\u201c S\u00fcderstapel von 1886 e.V.<br \/>\nVolker Schwarz<br \/>\nM\u00fchlenweg 16<br \/>\n25879 Stapel<br \/>\nTel. 04883 904094<\/p>\n<hr \/>\n<p><img loading=\"lazy\" decoding=\"async\" class=\"alignright wp-image-2620\" src=\"https:\/\/www.gemeinde-stapel.de\/stapel\/wp-content\/uploads\/2019\/08\/Ringreiter-Logo.jpeg\" alt=\"\" width=\"107\" height=\"130\" \/>Ringreiterverein \u201eEinigkeit\u201c Norderstapel e.V.<br \/>\nVolker Struve (1. Vorsitzender)<br \/>\nWesterstra\u00dfe 8<br \/>\n25879 Stapel<br \/>\nTel. 04883 9059683<\/p>\n<hr \/>\n<p>\u00a0<br \/>\nScheibengilde S\u00fcderstapel von 1950<img loading=\"lazy\" decoding=\"async\" class=\"alignright size-full wp-image-6040\" src=\"https:\/\/www.gemeinde-stapel.de\/stapel\/wp-content\/uploads\/2022\/09\/Scheibengilde.jpg\" alt=\"\" width=\"160\" height=\"134\" \/><br \/>\nThomas Jensen (1. Vorsitzender)<br \/>\n25879 Stapel<br \/>\nTel. 04883 9182<br \/>\n<a href=\"mailto:Scheibengilde-suederstapel@web.de\">Scheibengilde-suederstapel@web.de<\/a><br \/>\n\u00a0<\/p>\n<hr \/>\n<p><img loading=\"lazy\" decoding=\"async\" class=\"alignright wp-image-1199\" src=\"https:\/\/www.gemeinde-stapel.de\/stapel\/wp-content\/uploads\/2018\/12\/sovd_logo-300x209.jpg\" alt=\"\" width=\"153\" height=\"107\" srcset=\"https:\/\/www.gemeinde-stapel.de\/stapel\/wp-content\/uploads\/2018\/12\/sovd_logo-300x209.jpg 300w, https:\/\/www.gemeinde-stapel.de\/stapel\/wp-content\/uploads\/2018\/12\/sovd_logo.jpg 700w\" sizes=\"auto, (max-width: 153px) 100vw, 153px\" \/>Sozialverband Deuschland e.V. (SoVD), Ortsverband Stapel<br \/>\nAnke Eggers<br \/>\nOhlrade 18<br \/>\n24803 Erfde<br \/>\nTel. 04333 712<br \/>\n<a href=\"https:\/\/www.sovd-schleswig-flensburg.de\/\" target=\"_blank\" rel=\"noopener noreferrer\">www.sovd-schleswig-flensburg.de<\/a><\/p>\n<hr \/>\n<p><img loading=\"lazy\" decoding=\"async\" class=\"alignright wp-image-2466\" src=\"https:\/\/www.gemeinde-stapel.de\/stapel\/wp-content\/uploads\/2019\/05\/Sportschuetzen-150x150.jpg\" alt=\"\" width=\"145\" height=\"145\" srcset=\"https:\/\/www.gemeinde-stapel.de\/stapel\/wp-content\/uploads\/2019\/05\/Sportschuetzen-150x150.jpg 150w, https:\/\/www.gemeinde-stapel.de\/stapel\/wp-content\/uploads\/2019\/05\/Sportschuetzen-75x75.jpg 75w, https:\/\/www.gemeinde-stapel.de\/stapel\/wp-content\/uploads\/2019\/05\/Sportschuetzen.jpg 183w\" sizes=\"auto, (max-width: 145px) 100vw, 145px\" \/>Sportsch\u00fctzen Stapel von 1966 e.V.<br \/>\nLars Gie\u00dfmann (1. Vorsitzender)<br \/>\nBahnhofstra\u00dfe 23<br \/>\n25879 Stapel<br \/>\nTel. 0170 8315387<\/p>\n<hr \/>\n<p>St.-Johannis Scheibengilde e.V.<br \/>\nS\u00f6nke Henningsen<br \/>\nTreenestr. 1<br \/>\n25879 Stapel<br \/>\nTel. 04883 369<\/p>\n<hr \/>\n<p><img loading=\"lazy\" decoding=\"async\" class=\"alignright size-medium wp-image-8137\" src=\"https:\/\/www.gemeinde-stapel.de\/stapel\/wp-content\/uploads\/2024\/05\/Stapelfahrer-300x200.jpg\" alt=\"\" width=\"218\" height=\"145\" srcset=\"https:\/\/www.gemeinde-stapel.de\/stapel\/wp-content\/uploads\/2024\/05\/Stapelfahrer-300x200.jpg 300w, https:\/\/www.gemeinde-stapel.de\/stapel\/wp-content\/uploads\/2024\/05\/Stapelfahrer.jpg 330w\" sizes=\"auto, (max-width: 218px) 100vw, 218px\" \/>StapelFAHRER e.V.<br \/>\nD\u00f6rpsmobil<br \/>\n25879 Stapel<br \/>\nTel. 0162 8333222<br \/>\n\u00a0<\/p>\n<hr \/>\n<p>Stapelholmer Heimatbund \u2013 Ortsverein Norderstapel<br \/>\nRolf J\u00f6ns<br \/>\nM\u00fchlenweg 2<br \/>\n25879 Stapel<br \/>\nTel. 04883 1263<\/p>\n<hr \/>\n<p><img loading=\"lazy\" decoding=\"async\" class=\"alignright wp-image-1177\" src=\"https:\/\/www.gemeinde-stapel.de\/stapel\/wp-content\/uploads\/2018\/12\/StapelholmerSG.jpg\" alt=\"\" width=\"145\" height=\"145\" srcset=\"https:\/\/www.gemeinde-stapel.de\/stapel\/wp-content\/uploads\/2018\/12\/StapelholmerSG.jpg 160w, https:\/\/www.gemeinde-stapel.de\/stapel\/wp-content\/uploads\/2018\/12\/StapelholmerSG-150x150.jpg 150w, https:\/\/www.gemeinde-stapel.de\/stapel\/wp-content\/uploads\/2018\/12\/StapelholmerSG-75x75.jpg 75w\" sizes=\"auto, (max-width: 145px) 100vw, 145px\" \/>Stapelholmer Sport Gemeinschaft<br \/>\nSebastian Martens (1. Vorsitzender)<br \/>\nMarktstra\u00dfe 13<br \/>\n25879 Stapel<br \/>\nTel. 0176 83376221<br \/>\n<a href=\"https:\/\/www.stapelholmer-sportgemeinschaft.de\" target=\"_blank\" rel=\"noopener noreferrer\">www.stapelholmer-sportgemeinschaft.de<\/a><\/p>\n<hr \/>\n<p>Stopler Theoderl\u00fc\u00fcd<br \/>\nAntje J\u00f6ns<br \/>\nM\u00fchlenweg 2<br \/>\n25879 Stapel<br \/>\nTel. 04883 1263 od. 0172 5953709<\/p>\n<hr \/>\n<p><img loading=\"lazy\" decoding=\"async\" class=\"wp-image-3234 size-full alignright\" src=\"https:\/\/www.gemeinde-stapel.de\/stapel\/wp-content\/uploads\/2020\/05\/Yacht-Club-Suederstapel.jpg\" alt=\"\" width=\"161\" height=\"135\" \/>Yachtclub S\u00fcderstapel<br \/>\nRoland Blatt<br \/>\nBahnhofstra\u00dfe 5<br \/>\n25879 Stapel<br \/>\nTel. 0172 4311264<\/p>\n<hr \/>\n<p><img loading=\"lazy\" decoding=\"async\" class=\"wp-image-3235 size-full alignright\" src=\"https:\/\/www.gemeinde-stapel.de\/stapel\/wp-content\/uploads\/2020\/05\/WasserSuederstapel.jpg\" alt=\"\" width=\"160\" height=\"122\" \/>Wasserleitungsgenossenschaft e.G. Stapel<br \/>\nBernd Vorpahl<br \/>\nAm Streng 5<br \/>\n25879 Stapel<br \/>\nTel. 04883 539<\/p>\n<hr \/>\n<p>Wasserverband Treene<br \/>\nOsterwittbekfeld 40<br \/>\n25872 Wittbek<br \/>\nTel. 04845 707-0<br \/>\n<a href=\"https:\/\/www.wv-treene.de\" target=\"_blank\" rel=\"noopener noreferrer\">www.wv-treene.de<\/a><\/p>\n<hr \/>\n<p>1. FC Bayern M\u00fcnchen Fanclub<br \/>\nRalph Bellendorf<br \/>\nTrenmoorweg 5<br \/>\n25879 Stapel<br \/>\nTel. 04883 659<\/p>\n<p>&nbsp;<\/p>\n<p>&nbsp;<\/p>\n<p>&nbsp;<\/p>\n","protected":false},"excerpt":{"rendered":"<p>Sollten Sie Fehler entdecken, so senden Sie bitte die richtige Angabe an: korrekturen@gemeinde-stapel.de Parteien AfS &#8211; Aktiv f\u00fcr Stapel 1. Vorsitzender: Hans-Johann Dierks M\u00fchlenstra\u00dfe 20 25879 Stapel Tel. 04883 353 CDU &#8211; Christlich Demokratische Union 1. Vorsitzender: Rolf J\u00f6ns M\u00fchlenweg 2 25879 Stapel Tel. 04883 1263 SPD &#8211; Sozialdemokratische Partei Deutschlands 1. Vorsitzender: Markus Zimmer Raiffeisenstra\u00dfe 38 25879 Stapel Tel. 04883 905570 WGS &#8211; W\u00e4hlergemeinschaft Stapel 1. Vorsitzender: J\u00f6rg Lundelius Am Wollenberg 11 25879 Stapel Tel. 04883 687 Vereine &amp; Verb\u00e4nde Angelverein \u201eStapel\u201c e.V. Klaus Rahn Am Streng 9 25879 Stapel Tel. 0151 55244772 www.av-stapel.de Bezirksbauernverband Norderstapel Stefan Hollmer Kleine Stra\u00dfe 2 25879 Stapel Tel. 04883 224 www.bauernverbandsh.de DRK-Stapel (ehem. OV Norderstapel) Elisabeth Gr\u00f6hn Hauptstra\u00dfe 51 25879 Stapel Tel. 04883 807 Deutsches Rotes Kreuz, Ortsgruppe S\u00fcderstapel Sigrid Leonie Peters Scheibenweg 9 25879 Stapel Tel. 04883 9054680 Fischereigenossenschaft Mitteleider\u00a0Ingo Endler (Angelschein-Ausgabestelle Stapel) Pumpkoppel 7 25879 Stapel Tel. 04883 338 www.fischerei-mitteleider.de F\u00f6rderverein Grundschule Stapel e.V. Karina Schwarz (1. Vorsitzende) Raiffeisenstr. 1 25879 Stapel Tel. 04883 905634 www.schule-erfde.de\/startseite\/f\u00f6rdervereine\/ F\u00f6rderverein Landschaft Stapelholm e.V. Bahnhofstra\u00dfe 29 25879 Stapel www.landschaft-stapelholm.de Freiwillige Feuerwehr Stapel Michael Krzewinsky (Gemeindewehrf\u00fchrer) Am Wollenberg 2 25879 Stapel Tel. 0173 \u00a02456589 feuerwehr.stapel@amt-ks.de Handels- und Gewerbeverein (HGV Verbund Stapelholm e.V.) Heino Raddatz (1. Vorsitzender) 25879 Stapel Tel. 01577 290 10 65 www.hgv-verbund-stapelholm.de\u00a0 Jagdgemeinschaft Norderstapel Tore Staack (1. Vorsitzender\/Jagdleiter) 25879 Stapel \u00a0 \u00a0 Jagdgemeinschaft S\u00fcderstapel Hans-Johann Dierks M\u00fchlenstra\u00dfe 20 25879 Stapel Tel. 04883 353 Jagdgenossenschaft Norderstapel Hartmut B\u00f6rm Treenestra\u00dfe 7 25879 Stapel Tel. 04883 363 Jugendfeuerwehr Volker Struve Westerstra\u00dfe 8 25879 Stapel Tel. 0176 63379693 Ev.-Luth. Kirchengemeinde Stapelholm Kirchenb\u00fcro Bahnhofstra\u00dfe 29 25879 Stapel Tel. 04883 905724 www.kirche-in-stapelholm.de Kunst &amp; Kultur f\u00fcr Stapel e.V. Hans-Peter Schl\u00fcter Steenacker 1 25879 Stapel Tel. 0172 4503139 rock-an-der-eider@gmx.de LandFrauenVerein Stapelholm e.V. Sandra Retzlaff Marktstra\u00dfe 11 25879 Stapel Tel. 04883 273 www.landfrauenverein-stapelholm.de MC Stapelholm 1983 e.V. Hans-J\u00fcrgen Viergutz An der Aue 44 25813 Husum hans-juergen.viergutz@t-online.de Musikzug Stapel Thies Thomsen M\u00fchlenstra\u00dfe 25 25879 Stapel Tel. 04883 421 www.das-orchester.jimdo.com Natur- und Landschaftsschutzverein S\u00fcderstapel e.V. Hans-Gerhard Dierks Gro\u00df-Steeder-Weg 16 25879 Stapel Tel. 04883 512 naturschutz.landschaft-stapelholm.de Ohlsenhaus Stapel e.V. Hanno Hart (Vorsitzender) Kleine Stra\u00dfe 16 25879 Stapel ohlsenhaus.de \u00a0 Papagoyengilde von 1588 \u00c4lterman Volker Langholz Westerende 1 24817 Tetenhusen Tel. 04624 803225 Ringreiterverein \u201eConcordia\u201c S\u00fcderstapel von 1886 e.V. Volker Schwarz M\u00fchlenweg 16 25879 Stapel Tel. 04883 904094 Ringreiterverein \u201eEinigkeit\u201c Norderstapel e.V. Volker Struve (1. Vorsitzender) Westerstra\u00dfe 8 25879 Stapel Tel. 04883 9059683 \u00a0 Scheibengilde S\u00fcderstapel von 1950 Thomas Jensen (1. Vorsitzender) 25879 Stapel Tel. 04883 9182 Scheibengilde-suederstapel@web.de \u00a0 Sozialverband Deuschland e.V. (SoVD), Ortsverband Stapel Anke Eggers Ohlrade 18 24803 Erfde Tel. 04333 712 www.sovd-schleswig-flensburg.de Sportsch\u00fctzen Stapel von 1966 e.V. Lars Gie\u00dfmann (1. Vorsitzender) Bahnhofstra\u00dfe 23 25879 Stapel Tel. 0170 8315387 St.-Johannis Scheibengilde e.V. S\u00f6nke Henningsen Treenestr. 1 25879 Stapel Tel. 04883 369 StapelFAHRER e.V. D\u00f6rpsmobil 25879 Stapel Tel. 0162 8333222 \u00a0 Stapelholmer Heimatbund \u2013 Ortsverein Norderstapel Rolf J\u00f6ns M\u00fchlenweg 2 25879 Stapel Tel. 04883 1263 Stapelholmer Sport Gemeinschaft Sebastian Martens (1. Vorsitzender) Marktstra\u00dfe 13 25879 Stapel Tel. 0176 83376221 www.stapelholmer-sportgemeinschaft.de Stopler Theoderl\u00fc\u00fcd Antje J\u00f6ns M\u00fchlenweg 2 25879 Stapel Tel. 04883 1263 od. 0172 5953709 Yachtclub S\u00fcderstapel Roland Blatt Bahnhofstra\u00dfe 5 25879 Stapel Tel. 0172 4311264 Wasserleitungsgenossenschaft e.G. Stapel Bernd Vorpahl Am Streng 5 25879 Stapel Tel. 04883 539 Wasserverband Treene Osterwittbekfeld 40 25872 Wittbek Tel. 04845 707-0 www.wv-treene.de 1. FC Bayern M\u00fcnchen Fanclub Ralph Bellendorf Trenmoorweg 5 25879 Stapel Tel. 04883 659 &nbsp; &nbsp; &nbsp;<\/p>\n","protected":false},"author":1,"featured_media":0,"parent":0,"menu_order":0,"comment_status":"closed","ping_status":"closed","template":"","meta":{"footnotes":""},"class_list":["post-15","page","type-page","status-publish","hentry"],"_links":{"self":[{"href":"https:\/\/www.gemeinde-stapel.de\/stapel\/wp-json\/wp\/v2\/pages\/15","targetHints":{"allow":["GET"]}}],"collection":[{"href":"https:\/\/www.gemeinde-stapel.de\/stapel\/wp-json\/wp\/v2\/pages"}],"about":[{"href":"https:\/\/www.gemeinde-stapel.de\/stapel\/wp-json\/wp\/v2\/types\/page"}],"author":[{"embeddable":true,"href":"https:\/\/www.gemeinde-stapel.de\/stapel\/wp-json\/wp\/v2\/users\/1"}],"replies":[{"embeddable":true,"href":"https:\/\/www.gemeinde-stapel.de\/stapel\/wp-json\/wp\/v2\/comments?post=15"}],"version-history":[{"count":11,"href":"https:\/\/www.gemeinde-stapel.de\/stapel\/wp-json\/wp\/v2\/pages\/15\/revisions"}],"predecessor-version":[{"id":9783,"href":"https:\/\/www.gemeinde-stapel.de\/stapel\/wp-json\/wp\/v2\/pages\/15\/revisions\/9783"}],"wp:attachment":[{"href":"https:\/\/www.gemeinde-stapel.de\/stapel\/wp-json\/wp\/v2\/media?parent=15"}],"curies":[{"name":"wp","href":"https:\/\/api.w.org\/{rel}","templated":true}]}}