{"id":10415,"date":"2026-05-07T11:59:00","date_gmt":"2026-05-07T09:59:00","guid":{"rendered":"https:\/\/www.gemeinde-stapel.de\/stapel\/?page_id=10415"},"modified":"2026-05-07T12:18:57","modified_gmt":"2026-05-07T10:18:57","slug":"notfall-infopunkt","status":"publish","type":"page","link":"https:\/\/www.gemeinde-stapel.de\/stapel\/notfall-infopunkt\/","title":{"rendered":"Notfall-Infopunkt"},"content":{"rendered":"<hr \/>\n<p><strong><img loading=\"lazy\" decoding=\"async\" class=\"alignnone wp-image-10416 \" src=\"https:\/\/www.gemeinde-stapel.de\/stapel\/wp-content\/uploads\/2026\/05\/Symbol_Notfall_Infopunkte.jpg\" alt=\"\" width=\"902\" height=\"508\" srcset=\"https:\/\/www.gemeinde-stapel.de\/stapel\/wp-content\/uploads\/2026\/05\/Symbol_Notfall_Infopunkte.jpg 1160w, https:\/\/www.gemeinde-stapel.de\/stapel\/wp-content\/uploads\/2026\/05\/Symbol_Notfall_Infopunkte-300x169.jpg 300w, https:\/\/www.gemeinde-stapel.de\/stapel\/wp-content\/uploads\/2026\/05\/Symbol_Notfall_Infopunkte-768x432.jpg 768w, https:\/\/www.gemeinde-stapel.de\/stapel\/wp-content\/uploads\/2026\/05\/Symbol_Notfall_Infopunkte-1140x642.jpg 1140w\" sizes=\"auto, (max-width: 902px) 100vw, 902px\" \/><\/strong><\/p>\n<p><strong>Notfall-Infopunkt in Stapel &#8211; Wir sind vorbereitet<\/strong><\/p>\n<p>\nDie Gemeinde Stapel ist f\u00fcr besondere Lagen vorbereitet.<br \/>\nF\u00fcr den Fall eines l\u00e4nger andauernden Stromausfalls oder einer au\u00dfergew\u00f6hnlichen Notlage gibt es bei uns einen festen Notfall-Infopunkt.<\/p>\n<p>\nStandort in Stapel: <strong>Sportzentrum \/ Neue Sporthalle, Bahnhofstra\u00dfe 27a, 25879 Stapel<\/strong><br \/>\n<a href=\"http:\/\/www.openstreetmap.org\/?mlat=54.3542&#038;mlon=9.2297&#038;zoom=17&#038;layers=M\" target=\"_osm\" rel=\"noopener noreferrer\">Auf gro\u00dfer Karte in neuem Fenster anzeigen<\/a><\/p>\n<p>Dieser Notfall-Infopunkt ist Teil des Konzeptes des Kreis Schleswig-Flensburg im Rahmen der Initiative<br \/>\n<a href=\"https:\/\/www.schleswig-flensburg.de\/sei-bereit\/\" target=\"_blank\">\u201eSei bereit! &#8211; Gemeinsam krisenfit\u201c<\/a>.<\/p>\n<p>\n<strong>Wann wird der Notfall-Infopunkt aktiviert?<\/strong><br \/>\nEin Notfall-Infopunkt kommt insbesondere dann zum Einsatz, wenn:<br \/>\n\u2022 es zu einem l\u00e4ngeren Stromausfall kommt<br \/>\n\u2022 Telefon- und Mobilfunknetze ausfallen<br \/>\n\u2022 wichtige Informationen die Bev\u00f6lkerung nicht mehr erreichen<br \/>\n\u2022 Hilfe oder Unterst\u00fctzung ben\u00f6tigt wird<\/p>\n<p>\n<strong>Wof\u00fcr ist der Notfall-Infopunkt da?<\/strong><br \/>\nDer Notfall-Infopunkt dient als Anlaufstelle f\u00fcr alle B\u00fcrgerinnen und B\u00fcrger der Gemeinde Stapel. Hier erhalten Sie:<br \/>\n\u2022 verl\u00e4ssliche Informationen zur aktuellen Lage<br \/>\n\u2022 Unterst\u00fctzung bei Fragen, Sorgen oder Problemen<br \/>\n\u2022 Hilfe bei medizinischen Notf\u00e4llen oder Gefahrenlagen<br \/>\n\u2022 Kontaktm\u00f6glichkeiten zu Rettungsdiensten, wenn eigene Kommunikationsmittel nicht funktionieren<\/p>\n<p>\nDer Notfall-Infopunkt ersetzt nicht den Notruf &#8211; ist jedoch eine wichtige Anlaufstelle, wenn die \u00fcblichen Wege nicht mehr erreichbar sind.<\/p>\n<p>\n<strong>Gut vorbereitet &#8211; ohne Panik<\/strong><br \/>\nUnser Ziel ist es nicht, Angst zu machen. Unser Ziel ist es, vorbereitet zu sein.Vorsorge bedeutet Sicherheit &#8211; f\u00fcr sich selbst, f\u00fcr die Familie und f\u00fcr unsere Gemeinschaft.<\/p>\n<p>\n<strong>Gemeinsam stark<\/strong><br \/>\nDie Gemeinde Stapel, die \u00f6rtliche Feuerwehr und alle beteiligten Stellen arbeiten eng zusammen, damit wir auch in besonderen Situationen handlungsf\u00e4hig bleiben.<br \/>\nSollte der Notfall eintreten: Die neue Sporthalle ist Ihr Anlaufpunkt.<\/p>\n<p>\nWir sind da &#8211; wenn es darauf ankommt.<br \/>\nIhre Gemeinde Stapel, B\u00fcrgermeister J\u00f6rg Lundelius<br \/>\nFeuerwehr Stapel, Gemeindewehrf\u00fchrer Michael Krzewinsky<\/p>\n<p><strong><a href=\"https:\/\/www.schleswig-holstein.de\/DE\/landesregierung\/themen\/inneres-sicherheit-verwaltung\/bevoelkerungsschutz\/privatpersonen\/_documents\/fh_notfallinfopunkte\" target=\"_blank\" rel=\"noopener\">Website des Landes Schleswig-Holstein zu den Notfall-Infopunkten<\/a><\/strong><\/p>\n","protected":false},"excerpt":{"rendered":"<p>Notfall-Infopunkt in Stapel &#8211; Wir sind vorbereitet Die Gemeinde Stapel ist f\u00fcr besondere Lagen vorbereitet. F\u00fcr den Fall eines l\u00e4nger andauernden Stromausfalls oder einer au\u00dfergew\u00f6hnlichen Notlage gibt es bei uns einen festen Notfall-Infopunkt. Standort in Stapel: Sportzentrum \/ Neue Sporthalle, Bahnhofstra\u00dfe 27a, 25879 Stapel Auf gro\u00dfer Karte in neuem Fenster anzeigen Dieser Notfall-Infopunkt ist Teil des Konzeptes des Kreis Schleswig-Flensburg im Rahmen der Initiative \u201eSei bereit! &#8211; Gemeinsam krisenfit\u201c. Wann wird der Notfall-Infopunkt aktiviert? Ein Notfall-Infopunkt kommt insbesondere dann zum Einsatz, wenn: \u2022 es zu einem l\u00e4ngeren Stromausfall kommt \u2022 Telefon- und Mobilfunknetze ausfallen \u2022 wichtige Informationen die Bev\u00f6lkerung nicht mehr erreichen \u2022 Hilfe oder Unterst\u00fctzung ben\u00f6tigt wird Wof\u00fcr ist der Notfall-Infopunkt da? Der Notfall-Infopunkt dient als Anlaufstelle f\u00fcr alle B\u00fcrgerinnen und B\u00fcrger der Gemeinde Stapel. Hier erhalten Sie: \u2022 verl\u00e4ssliche Informationen zur aktuellen Lage \u2022 Unterst\u00fctzung bei Fragen, Sorgen oder Problemen \u2022 Hilfe bei medizinischen Notf\u00e4llen oder Gefahrenlagen \u2022 Kontaktm\u00f6glichkeiten zu Rettungsdiensten, wenn eigene Kommunikationsmittel nicht funktionieren Der Notfall-Infopunkt ersetzt nicht den Notruf &#8211; ist jedoch eine wichtige Anlaufstelle, wenn die \u00fcblichen Wege nicht mehr erreichbar sind. Gut vorbereitet &#8211; ohne Panik Unser Ziel ist es nicht, Angst zu machen. Unser Ziel ist es, vorbereitet zu sein.Vorsorge bedeutet Sicherheit &#8211; f\u00fcr sich selbst, f\u00fcr die Familie und f\u00fcr unsere Gemeinschaft. Gemeinsam stark Die Gemeinde Stapel, die \u00f6rtliche Feuerwehr und alle beteiligten Stellen arbeiten eng zusammen, damit wir auch in besonderen Situationen handlungsf\u00e4hig bleiben. Sollte der Notfall eintreten: Die neue Sporthalle ist Ihr Anlaufpunkt. Wir sind da &#8211; wenn es darauf ankommt. Ihre Gemeinde Stapel, B\u00fcrgermeister J\u00f6rg Lundelius Feuerwehr Stapel, Gemeindewehrf\u00fchrer Michael Krzewinsky Website des Landes Schleswig-Holstein zu den Notfall-Infopunkten<\/p>\n","protected":false},"author":1,"featured_media":0,"parent":0,"menu_order":0,"comment_status":"closed","ping_status":"closed","template":"","meta":{"footnotes":""},"class_list":["post-10415","page","type-page","status-publish","hentry"],"_links":{"self":[{"href":"https:\/\/www.gemeinde-stapel.de\/stapel\/wp-json\/wp\/v2\/pages\/10415","targetHints":{"allow":["GET"]}}],"collection":[{"href":"https:\/\/www.gemeinde-stapel.de\/stapel\/wp-json\/wp\/v2\/pages"}],"about":[{"href":"https:\/\/www.gemeinde-stapel.de\/stapel\/wp-json\/wp\/v2\/types\/page"}],"author":[{"embeddable":true,"href":"https:\/\/www.gemeinde-stapel.de\/stapel\/wp-json\/wp\/v2\/users\/1"}],"replies":[{"embeddable":true,"href":"https:\/\/www.gemeinde-stapel.de\/stapel\/wp-json\/wp\/v2\/comments?post=10415"}],"version-history":[{"count":10,"href":"https:\/\/www.gemeinde-stapel.de\/stapel\/wp-json\/wp\/v2\/pages\/10415\/revisions"}],"predecessor-version":[{"id":10432,"href":"https:\/\/www.gemeinde-stapel.de\/stapel\/wp-json\/wp\/v2\/pages\/10415\/revisions\/10432"}],"wp:attachment":[{"href":"https:\/\/www.gemeinde-stapel.de\/stapel\/wp-json\/wp\/v2\/media?parent=10415"}],"curies":[{"name":"wp","href":"https:\/\/api.w.org\/{rel}","templated":true}]}}